{"id":1452,"date":"2021-07-26T08:05:02","date_gmt":"2021-07-26T08:05:02","guid":{"rendered":"https:\/\/www.vadaszboltcsorna.hu\/?post_type=product&#038;p=1452"},"modified":"2022-08-03T06:47:38","modified_gmt":"2022-08-03T06:47:38","slug":"delta-forest-ii-85x50-tavcso","status":"publish","type":"product","link":"https:\/\/www.vadaszboltcsorna.hu\/index.php\/termek\/delta-forest-ii-85x50-tavcso\/","title":{"rendered":"Delta Forest-II 8,5&#215;50 t\u00e1vcs\u0151"},"content":{"rendered":"<h2><strong>Delta Forest-II 8,5&#215;50 t\u00e1vcs\u0151<\/strong><\/h2>\n<h3><\/h3>\n<h3>A z\u00e1rt fel\u00e9p\u00edt\u00e9snek k\u00f6sz\u00f6nhet\u0151en p\u00e1r\u00e1s, vizes k\u00f6r\u00fclm\u00e9nyeknek is ellen\u00e1llnak, hiszen a t\u00e1vcs\u00f6vek\u00a0v\u00edz\u00e1ll\u00f3ak\u00a0\u00e9s p\u00e1ramentesek.\u00a0A rendk\u00edv\u00fcl\u00a0sz\u00e9les\u00a0l\u00e1t\u00f3mez\u0151\u00a0tov\u00e1bb n\u00f6veli a megfigyel\u00e9s \u00e9lm\u00e9ny\u00e9t.<\/h3>\n<h3>\u00a0A 8,5&#215;50-es Delta Forest II binokul\u00e1r nagyobb teljes\u00edtm\u00e9ny\u0171 t\u00e1rsa az igen n\u00e9pszer\u0171 42mm-es modelleknek. Optik\u00e1ja 8 lencsetagb\u00f3l \u00e9p\u00fcl fel, melyek 6 csoportban helyezkednek el. BAK4-es prizm\u00e1i, f\u00e1zis bevonatai (Phase Coated) kit\u0171n\u0151 k\u00e9pelkot\u00e1st eredm\u00e9nyeznek. Er\u0151s sz\u00fcrk\u00fcleti, \u00e9jszakai haszn\u00e1latn\u00e1l azonban nem \u00e9ri el a dr\u00e1g\u00e1bb Titanium t\u00edpusok k\u00e9palkot\u00e1s\u00e1t, k\u00e9pf\u00e9nyess\u00e9g\u00e9t.<\/h3>\n<p>&nbsp;<\/p>\n<h3>A modern, tet\u0151\u00e9lprizm\u00e1s fel\u00e9p\u00edt\u00e9s a t\u00e1vcs\u0151 teljes\u00edtm\u00e9ny\u00e9hez k\u00e9pest kompakt m\u00e9retet eredm\u00e9nyez, \u00edgy a t\u00e1vcs\u00f6vek k\u00e9nyelmesen vihet\u0151ek \u00e9s kis helyet foglalnak. Apr\u00f3s\u00e1gnak t\u0171nik, de az objekt\u00edvsapk\u00e1k a t\u00e1vcs\u0151re r\u00f6gz\u00edtettek, \u00edgy azokat nem tudjuk elhagyni \u00e9s mindig k\u00e9zn\u00e9l vannak.<\/h3>\n<h3>K\u00e9nylemes nyakp\u00e1nt, tok \u00e9s lencsev\u00e9d\u0151 sapk\u00e1k a t\u00e1vcs\u00f6vek tartoz\u00e9kai.<\/h3>\n<h3>A le\u00edr\u00e1sban szerepl\u0151 adatok t\u00e1j\u00e9koztat\u00f3 jelleg\u0171ek, t\u00edpusonk\u00e9nt v\u00e1ltozhat!<br \/>\nKaliberekr\u0151l aktu\u00e1lis \u00e1rakr\u00f3l \u00e9s egy\u00e9b inform\u00e1ci\u00f3kr\u00f3l k\u00e9rj\u00fck \u00e9rdekl\u0151dj\u00f6n!<\/h3>\n<h3>A fegyvert\u00f6rv\u00e9ny \u00e9rtelm\u00e9ben, fegyvert, l\u0151szert kiz\u00e1r\u00f3lag szem\u00e9lyesen,az \u00fczletben fegyvertart\u00e1si enged\u00e9ly birtok\u00e1ban lehet v\u00e1s\u00e1rolni!<br \/>\nA webshopban megrendelt fegyverek \u00e9s l\u0151szerek NEM ker\u00fclnek kisz\u00e1ll\u00edt\u00e1sra!\u00a0 Tov\u00e1bbi inform\u00e1ci\u00f3\u00e9rt l\u00e1togasson el boltunkba!<\/h3>\n<h3>Az \u00e1rak t\u00e1j\u00e9koztat\u00f3 jelleg\u0171ek nem min\u0151s\u00fcl hivatalos aj\u00e1nlat t\u00e9telnek!<br \/>\nAz \u00e1rv\u00e1ltoz\u00e1s jog\u00e1t fenntartjuk!<\/h3>\n","protected":false},"excerpt":{"rendered":"<p>Delta Forest-II 8,5&#215;50 t\u00e1vcs\u0151 A z\u00e1rt fel\u00e9p\u00edt\u00e9snek k\u00f6sz\u00f6nhet\u0151en p\u00e1r\u00e1s, vizes k\u00f6r\u00fclm\u00e9nyeknek is ellen\u00e1llnak, hiszen a t\u00e1vcs\u00f6vek\u00a0v\u00edz\u00e1ll\u00f3ak\u00a0\u00e9s p\u00e1ramentesek.\u00a0A rendk\u00edv\u00fcl\u00a0sz\u00e9les\u00a0l\u00e1t\u00f3mez\u0151\u00a0tov\u00e1bb n\u00f6veli a megfigyel\u00e9s \u00e9lm\u00e9ny\u00e9t. \u00a0A 8,5&#215;50-es Delta Forest II binokul\u00e1r nagyobb teljes\u00edtm\u00e9ny\u0171 t\u00e1rsa az igen n\u00e9pszer\u0171 42mm-es modelleknek. Optik\u00e1ja 8 lencsetagb\u00f3l \u00e9p\u00fcl fel, melyek 6 csoportban helyezkednek el. BAK4-es prizm\u00e1i, f\u00e1zis bevonatai (Phase Coated) kit\u0171n\u0151 k\u00e9pelkot\u00e1st eredm\u00e9nyeznek. [&hellip;]<\/p>\n","protected":false},"featured_media":1454,"comment_status":"open","ping_status":"closed","template":"","meta":{"_et_pb_use_builder":"","_et_pb_old_content":"","_et_gb_content_width":"","om_disable_all_campaigns":false},"product_brand":[],"product_cat":[21,427,65],"product_tag":[437,73,436,67,364,70,86],"class_list":{"0":"post-1452","1":"product","2":"type-product","3":"status-publish","4":"has-post-thumbnail","6":"product_cat-uj","7":"product_cat-delta-keresotavcso","8":"product_cat-keresotavcso","9":"product_tag-5x50-tavcso","10":"product_tag-delta","11":"product_tag-delta-forest-ii-8","12":"product_tag-keresotavcso","13":"product_tag-vadasz-felszereles","14":"product_tag-vadaszat","15":"product_tag-vadaszoptika","17":"first","18":"instock","19":"taxable","20":"shipping-taxable","21":"purchasable","22":"product-type-simple"},"_links":{"self":[{"href":"https:\/\/www.vadaszboltcsorna.hu\/index.php\/wp-json\/wp\/v2\/product\/1452","targetHints":{"allow":["GET"]}}],"collection":[{"href":"https:\/\/www.vadaszboltcsorna.hu\/index.php\/wp-json\/wp\/v2\/product"}],"about":[{"href":"https:\/\/www.vadaszboltcsorna.hu\/index.php\/wp-json\/wp\/v2\/types\/product"}],"replies":[{"embeddable":true,"href":"https:\/\/www.vadaszboltcsorna.hu\/index.php\/wp-json\/wp\/v2\/comments?post=1452"}],"wp:featuredmedia":[{"embeddable":true,"href":"https:\/\/www.vadaszboltcsorna.hu\/index.php\/wp-json\/wp\/v2\/media\/1454"}],"wp:attachment":[{"href":"https:\/\/www.vadaszboltcsorna.hu\/index.php\/wp-json\/wp\/v2\/media?parent=1452"}],"wp:term":[{"taxonomy":"product_brand","embeddable":true,"href":"https:\/\/www.vadaszboltcsorna.hu\/index.php\/wp-json\/wp\/v2\/product_brand?post=1452"},{"taxonomy":"product_cat","embeddable":true,"href":"https:\/\/www.vadaszboltcsorna.hu\/index.php\/wp-json\/wp\/v2\/product_cat?post=1452"},{"taxonomy":"product_tag","embeddable":true,"href":"https:\/\/www.vadaszboltcsorna.hu\/index.php\/wp-json\/wp\/v2\/product_tag?post=1452"}],"curies":[{"name":"wp","href":"https:\/\/api.w.org\/{rel}","templated":true}]}}