{"id":1449,"date":"2021-07-26T07:50:20","date_gmt":"2021-07-26T07:50:20","guid":{"rendered":"https:\/\/www.vadaszboltcsorna.hu\/?post_type=product&#038;p=1449"},"modified":"2025-05-13T06:13:10","modified_gmt":"2025-05-13T06:13:10","slug":"akah-10x42-ga-tavcso","status":"publish","type":"product","link":"https:\/\/www.vadaszboltcsorna.hu\/index.php\/termek\/akah-10x42-ga-tavcso\/","title":{"rendered":"AKAH 10&#215;42 GA t\u00e1vcs\u0151"},"content":{"rendered":"<h2><strong>AKAH 10&#215;42 GA t\u00e1vcs\u0151<\/strong><\/h2>\n<h3>Akah 10&#215;42 GA n\u00e9met min\u0151s\u00e9gi k\u00f6vetelm\u00e9nyeknek megfelel\u0151en gy\u00e1rtott t\u00e1vcs\u0151. Cserkel\u00e9shez, t\u00far\u00e1z\u00e1shoz \u00e9s mad\u00e1rfigyel\u00e9shez kimondottan aj\u00e1nlott, valamint nagyon j\u00f3 bar\u00e1t a bakszezonban. \u00daj kialak\u00edt\u00e1s komfort-h\u00edddal, ami egy biztosabb fog\u00e1st \u00e9s k\u00f6nnyebb kezelhet\u0151s\u00e9get eredm\u00e9nyez, \u00e9s \u00e9lesebb k\u00e9pet l\u00e1tunk. A t\u00e1vcs\u0151 teljesen bevont lencs\u00e9i \u00e9s a BAK4 prizm\u00e1k, valamint az objekt\u00edv nagy \u00e1tm\u00e9r\u0151je egy nagyon f\u00e9nyes, tiszta, \u00e9les k\u00e9pet eredm\u00e9nyeznek. Mint minden igaz\u00e1n komoly t\u00e1vcs\u0151, az Akah 10&#215;42-es is v\u00edz\u00e1ll\u00f3 \u00e9s nitrog\u00e9n t\u00f6ltettel rendelkezik. A prec\u00edz mechanik\u00e1t egy kem\u00e9ny termoplaszt-h\u00e1z v\u00e9di. A z\u00f6ld gumibet\u00e9t v\u00e9d a nedvess\u00e9gt\u0151l \u00e9s lehet\u0151v\u00e9 teszi a term\u00e9k k\u00f6nny\u0171 kezelhet\u0151s\u00e9g\u00e9t, ami keszty\u0171ben is ugyanolyan egyszer\u0171. Az alapcsomag tartalmaz egy hordt\u00e1sk\u00e1t \u00e9s egy nyakba akaszthat\u00f3 p\u00e1ntot.<\/h3>\n<h3>Kil\u00e9p\u0151 pupilla: 4,2 mm<\/h3>\n<h3>Sz\u00fcrk\u00fcleti \u00e9rt\u00e9k: 20,8<\/h3>\n<h3>Garancia: 3 \u00e9v<\/h3>\n<h3>A le\u00edr\u00e1sban szerepl\u0151 adatok t\u00e1j\u00e9koztat\u00f3 jelleg\u0171ek, t\u00edpusonk\u00e9nt v\u00e1ltozhat!<br \/>\nKaliberekr\u0151l aktu\u00e1lis \u00e1rakr\u00f3l \u00e9s egy\u00e9b inform\u00e1ci\u00f3kr\u00f3l k\u00e9rj\u00fck \u00e9rdekl\u0151dj\u00f6n!<\/h3>\n<h3>A fegyvert\u00f6rv\u00e9ny \u00e9rtelm\u00e9ben, fegyvert, l\u0151szert kiz\u00e1r\u00f3lag szem\u00e9lyesen,az \u00fczletben fegyvertart\u00e1si enged\u00e9ly birtok\u00e1ban lehet v\u00e1s\u00e1rolni!<br \/>\nA webshopban megrendelt fegyverek \u00e9s l\u0151szerek NEM ker\u00fclnek kisz\u00e1ll\u00edt\u00e1sra!\u00a0 Tov\u00e1bbi inform\u00e1ci\u00f3\u00e9rt l\u00e1togasson el boltunkba!<\/h3>\n<h3>Az \u00e1rak t\u00e1j\u00e9koztat\u00f3 jelleg\u0171ek nem min\u0151s\u00fcl hivatalos aj\u00e1nlat t\u00e9telnek!<br \/>\nAz \u00e1rv\u00e1ltoz\u00e1s jog\u00e1t fenntartjuk!<\/h3>\n<h3><\/h3>\n","protected":false},"excerpt":{"rendered":"<p>AKAH 10&#215;42 GA t\u00e1vcs\u0151 Akah 10&#215;42 GA n\u00e9met min\u0151s\u00e9gi k\u00f6vetelm\u00e9nyeknek megfelel\u0151en gy\u00e1rtott t\u00e1vcs\u0151. Cserkel\u00e9shez, t\u00far\u00e1z\u00e1shoz \u00e9s mad\u00e1rfigyel\u00e9shez kimondottan aj\u00e1nlott, valamint nagyon j\u00f3 bar\u00e1t a bakszezonban. \u00daj kialak\u00edt\u00e1s komfort-h\u00edddal, ami egy biztosabb fog\u00e1st \u00e9s k\u00f6nnyebb kezelhet\u0151s\u00e9get eredm\u00e9nyez, \u00e9s \u00e9lesebb k\u00e9pet l\u00e1tunk. A t\u00e1vcs\u0151 teljesen bevont lencs\u00e9i \u00e9s a BAK4 prizm\u00e1k, valamint az objekt\u00edv nagy \u00e1tm\u00e9r\u0151je egy [&hellip;]<\/p>\n","protected":false},"featured_media":1450,"comment_status":"open","ping_status":"closed","template":"","meta":{"_et_pb_use_builder":"","_et_pb_old_content":"","_et_gb_content_width":"","om_disable_all_campaigns":false},"product_brand":[],"product_cat":[21,66,65],"product_tag":[58,435,67,70,85,86],"class_list":{"0":"post-1449","1":"product","2":"type-product","3":"status-publish","4":"has-post-thumbnail","6":"product_cat-uj","7":"product_cat-akah-keresotavcso","8":"product_cat-keresotavcso","9":"product_tag-akah","10":"product_tag-akah-10x42-ga-tavcso","11":"product_tag-keresotavcso","12":"product_tag-vadaszat","13":"product_tag-vadaszfelszereles","14":"product_tag-vadaszoptika","16":"first","17":"instock","18":"sale","19":"taxable","20":"shipping-taxable","21":"purchasable","22":"product-type-simple"},"_links":{"self":[{"href":"https:\/\/www.vadaszboltcsorna.hu\/index.php\/wp-json\/wp\/v2\/product\/1449","targetHints":{"allow":["GET"]}}],"collection":[{"href":"https:\/\/www.vadaszboltcsorna.hu\/index.php\/wp-json\/wp\/v2\/product"}],"about":[{"href":"https:\/\/www.vadaszboltcsorna.hu\/index.php\/wp-json\/wp\/v2\/types\/product"}],"replies":[{"embeddable":true,"href":"https:\/\/www.vadaszboltcsorna.hu\/index.php\/wp-json\/wp\/v2\/comments?post=1449"}],"wp:featuredmedia":[{"embeddable":true,"href":"https:\/\/www.vadaszboltcsorna.hu\/index.php\/wp-json\/wp\/v2\/media\/1450"}],"wp:attachment":[{"href":"https:\/\/www.vadaszboltcsorna.hu\/index.php\/wp-json\/wp\/v2\/media?parent=1449"}],"wp:term":[{"taxonomy":"product_brand","embeddable":true,"href":"https:\/\/www.vadaszboltcsorna.hu\/index.php\/wp-json\/wp\/v2\/product_brand?post=1449"},{"taxonomy":"product_cat","embeddable":true,"href":"https:\/\/www.vadaszboltcsorna.hu\/index.php\/wp-json\/wp\/v2\/product_cat?post=1449"},{"taxonomy":"product_tag","embeddable":true,"href":"https:\/\/www.vadaszboltcsorna.hu\/index.php\/wp-json\/wp\/v2\/product_tag?post=1449"}],"curies":[{"name":"wp","href":"https:\/\/api.w.org\/{rel}","templated":true}]}}