{"id":1441,"date":"2021-07-22T13:46:13","date_gmt":"2021-07-22T13:46:13","guid":{"rendered":"https:\/\/www.vadaszboltcsorna.hu\/?post_type=product&#038;p=1441"},"modified":"2025-05-27T13:19:24","modified_gmt":"2025-05-27T13:19:24","slug":"kite-optics-petrel-ii-8-5x50","status":"publish","type":"product","link":"https:\/\/www.vadaszboltcsorna.hu\/index.php\/termek\/kite-optics-petrel-ii-8-5x50\/","title":{"rendered":"Kite Optics Petrel II 8.5&#215;50"},"content":{"rendered":"<div class=\"wrapper bot-border\">\n<div class=\"flex max-w-full flex-col flex-grow\">\n<div class=\"min-h-8 text-message relative flex w-full flex-col items-end gap-2 whitespace-normal break-words text-start [.text-message+&amp;]:mt-5\" dir=\"auto\" data-message-author-role=\"assistant\" data-message-id=\"21cd2db1-9260-4057-8350-d012b25e91f7\" data-message-model-slug=\"gpt-4o\">\n<div class=\"flex w-full flex-col gap-1 empty:hidden first:pt-[3px]\">\n<div class=\"markdown prose w-full break-words dark:prose-invert light\">\n<h3 data-start=\"0\" data-end=\"80\"><strong data-start=\"4\" data-end=\"78\">KITE Optics Petrel II 8.5&#215;50 keres\u0151t\u00e1vcs\u0151 \u2013 A vad\u00e1szok t\u00f6k\u00e9letes t\u00e1rsa<\/strong><\/h3>\n<p data-start=\"82\" data-end=\"157\"><strong data-start=\"82\" data-end=\"155\">Prec\u00edz optika, massz\u00edv fel\u00e9p\u00edt\u00e9s, p\u00e1ratlan teljes\u00edtm\u00e9ny sz\u00fcrk\u00fcletben!<\/strong><\/p>\n<p data-start=\"159\" data-end=\"510\">\ud83d\udd2d <strong data-start=\"162\" data-end=\"213\">Krist\u00e1lytiszta k\u00e9p b\u00e1rmilyen k\u00f6r\u00fclm\u00e9nyek k\u00f6z\u00f6tt<\/strong><br data-start=\"213\" data-end=\"216\" \/>A <strong data-start=\"218\" data-end=\"250\">KITE Optics Petrel II 8.5&#215;50<\/strong> keres\u0151t\u00e1vcs\u0151 pr\u00e9mium min\u0151s\u00e9g\u0171 <strong data-start=\"281\" data-end=\"305\">t\u00f6bbr\u00e9teg\u0171 optik\u00e1val<\/strong> rendelkezik, amely kimagasl\u00f3 f\u00e9ny\u00e1tereszt\u00e9st biztos\u00edt. A <strong data-start=\"363\" data-end=\"382\">sz\u00e9les l\u00e1t\u00f3mez\u0151<\/strong> (97 m \/ 1000 m) seg\u00edt a gyors c\u00e9lpontk\u00f6vet\u00e9sben, m\u00edg a <strong data-start=\"438\" data-end=\"461\">nagy, 8.5x nagy\u00edt\u00e1s<\/strong> r\u00e9szletgazdag k\u00e9pet ad t\u00e1voli c\u00e9lpontokr\u00f3l is.<\/p>\n<p data-start=\"512\" data-end=\"876\">\ud83c\udf32 <strong data-start=\"515\" data-end=\"556\">Id\u0151j\u00e1r\u00e1s\u00e1ll\u00f3, megb\u00edzhat\u00f3 t\u00e1rs terepen<\/strong><br data-start=\"556\" data-end=\"559\" \/>A t\u00e1vcs\u0151 <strong data-start=\"568\" data-end=\"604\">IPX7-es v\u00edz\u00e1ll\u00f3s\u00e1gi besorol\u00e1ssal<\/strong> rendelkezik, \u00edgy teljes m\u00e9rt\u00e9kben v\u00e9dett es\u0151ben, h\u00f3ban vagy ak\u00e1r r\u00f6vid ideig v\u00edzbe mer\u00edtve is. A <strong data-start=\"702\" data-end=\"742\">nitrog\u00e9nnel t\u00f6lt\u00f6tt optikai rendszer<\/strong> megakad\u00e1lyozza a bels\u0151 p\u00e1r\u00e1sod\u00e1st, \u00edgy m\u00e9g sz\u00e9ls\u0151s\u00e9ges h\u0151m\u00e9rs\u00e9kleti viszonyok k\u00f6z\u00f6tt is tiszta k\u00e9pet ny\u00fajt (-25\u00b0C \u00e9s +55\u00b0C k\u00f6z\u00f6tt).<\/p>\n<p data-start=\"878\" data-end=\"1100\">\ud83c\udf05 <strong data-start=\"881\" data-end=\"920\">Kimagasl\u00f3 teljes\u00edtm\u00e9ny sz\u00fcrk\u00fcletben<\/strong><br data-start=\"920\" data-end=\"923\" \/>A <strong data-start=\"925\" data-end=\"953\">20.6-os sz\u00fcrk\u00fcleti \u00e9rt\u00e9k<\/strong> garant\u00e1lja, hogy alacsony f\u00e9nyviszonyok k\u00f6z\u00f6tt is \u00e9les \u00e9s vil\u00e1gos k\u00e9pet kapj, \u00edgy a naplemente ut\u00e1n is megb\u00edzhat\u00f3an haszn\u00e1lhatod vad\u00e1szat sor\u00e1n.<\/p>\n<p data-start=\"1102\" data-end=\"1396\">\ud83d\udc4c <strong data-start=\"1105\" data-end=\"1145\">Ergonomikus \u00e9s strapab\u00edr\u00f3 kialak\u00edt\u00e1s<\/strong><br data-start=\"1145\" data-end=\"1148\" \/>A <strong data-start=\"1150\" data-end=\"1185\">cs\u00fasz\u00e1smentes, puha gumibevonat<\/strong> k\u00e9nyelmes \u00e9s stabil fog\u00e1st biztos\u00edt, m\u00e9g nedves vagy hideg id\u0151ben is. Az <strong data-start=\"1259\" data-end=\"1299\">\u00e1ll\u00edthat\u00f3 pupillat\u00e1vols\u00e1g (74-59 mm)<\/strong> \u00e9s a <strong data-start=\"1305\" data-end=\"1338\">19 mm-es betekint\u00e9si t\u00e1vols\u00e1g<\/strong> szem\u00fcvegesek sz\u00e1m\u00e1ra is k\u00e9nyelmes haszn\u00e1latot biztos\u00edt.<\/p>\n<p data-start=\"1398\" data-end=\"1624\">\ud83c\udfc6 <strong data-start=\"1401\" data-end=\"1456\">30 \u00e9v garancia \u2013 Hossz\u00fa t\u00e1v\u00fa befektet\u00e9s a min\u0151s\u00e9gbe<\/strong><br data-start=\"1456\" data-end=\"1459\" \/>A KITE Optics a min\u0151s\u00e9g ir\u00e1nti elk\u00f6telezetts\u00e9get <strong data-start=\"1508\" data-end=\"1529\">30 \u00e9v garanci\u00e1val<\/strong> t\u00e1masztja al\u00e1. Egy t\u00e1vcs\u0151, amely hossz\u00fa \u00e9veken \u00e1t megb\u00edzhat\u00f3 t\u00e1rsad lesz a vad\u00e1szatok sor\u00e1n.<\/p>\n<p data-start=\"1398\" data-end=\"1624\"><img loading=\"lazy\" decoding=\"async\" class=\"wp-image-7140 size-medium alignright\" src=\"https:\/\/www.vadaszboltcsorna.hu\/wp-content\/uploads\/2021\/07\/Photoroom_20250311_132552-300x300.jpeg\" alt=\"\" width=\"300\" height=\"300\" \/><\/p>\n<p data-start=\"1626\" data-end=\"1655\">\ud83c\udfaf <strong data-start=\"1629\" data-end=\"1653\">F\u0151bb m\u0171szaki adatok:<\/strong><\/p>\n<ul data-start=\"1656\" data-end=\"1900\">\n<li data-start=\"1656\" data-end=\"1678\"><strong data-start=\"1658\" data-end=\"1670\">Nagy\u00edt\u00e1s<\/strong>: 8.5x<\/li>\n<li data-start=\"1679\" data-end=\"1715\"><strong data-start=\"1681\" data-end=\"1706\">Objekt\u00edvlencse \u00e1tm\u00e9r\u0151<\/strong>: 50 mm<\/li>\n<li data-start=\"1716\" data-end=\"1747\"><strong data-start=\"1718\" data-end=\"1736\">Kil\u00e9p\u0151 pupilla<\/strong>: 5.88 mm<\/li>\n<li data-start=\"1748\" data-end=\"1779\"><strong data-start=\"1750\" data-end=\"1762\">L\u00e1t\u00f3mez\u0151<\/strong>: 97 m \/ 1000 m<\/li>\n<li data-start=\"1780\" data-end=\"1819\"><strong data-start=\"1782\" data-end=\"1810\">Legkisebb f\u00f3kuszt\u00e1vols\u00e1g<\/strong>: 2.8 m<\/li>\n<li data-start=\"1820\" data-end=\"1855\"><strong data-start=\"1822\" data-end=\"1846\">Dioptria-kompenz\u00e1ci\u00f3<\/strong>: +\/- 3<\/li>\n<li data-start=\"1856\" data-end=\"1880\"><strong data-start=\"1858\" data-end=\"1872\">V\u00edz\u00e1ll\u00f3s\u00e1g<\/strong>: IPX7<\/li>\n<li data-start=\"1881\" data-end=\"1900\"><strong data-start=\"1883\" data-end=\"1891\">S\u00faly<\/strong>: 795 g<\/li>\n<\/ul>\n<p data-start=\"1902\" data-end=\"2035\">\ud83d\udd39 <strong data-start=\"1905\" data-end=\"2033\">V\u00e1laszd a KITE Optics Petrel II 8.5&#215;50 keres\u0151t\u00e1vcs\u00f6vet, \u00e9s \u00e9lvezd a kompromisszummentes teljes\u00edtm\u00e9nyt minden vad\u00e1szat sor\u00e1n!<\/strong><\/p>\n<p data-start=\"2037\" data-end=\"2118\" data-is-last-node=\"\" data-is-only-node=\"\">\ud83d\udccd <strong data-start=\"2040\" data-end=\"2118\" data-is-last-node=\"\">Rendeld meg most, \u00e9s tapasztald meg a pr\u00e9mium min\u0151s\u00e9get a saj\u00e1t szemeddel!<\/strong><\/p>\n<\/div>\n<\/div>\n<\/div>\n<\/div>\n<div class=\"mb-2 flex gap-3 -ml-2\" tabindex=\"0\">\n<div class=\"flex items-center justify-start rounded-xl p-1\">\n<div class=\"flex items-center\">\n<div class=\"flex items-center pb-0\"><\/div>\n<\/div>\n<\/div>\n<\/div>\n<h4 style=\"text-align: center;\"><em><strong>Az \u00e1rak t\u00e1j\u00e9koztat\u00f3 jelleg\u0171ek nem min\u0151s\u00fcl hivatalos aj\u00e1nlat t\u00e9telnek!<\/strong><\/em><br \/>\n<em><strong>Az \u00e1rv\u00e1ltoz\u00e1s jog\u00e1t fenntartjuk!<\/strong><\/em><\/h4>\n<\/div>\n","protected":false},"excerpt":{"rendered":"<p>KITE Optics Petrel II 8.5&#215;50 keres\u0151t\u00e1vcs\u0151 \u2013 A vad\u00e1szok t\u00f6k\u00e9letes t\u00e1rsa Prec\u00edz optika, massz\u00edv fel\u00e9p\u00edt\u00e9s, p\u00e1ratlan teljes\u00edtm\u00e9ny sz\u00fcrk\u00fcletben! \ud83d\udd2d Krist\u00e1lytiszta k\u00e9p b\u00e1rmilyen k\u00f6r\u00fclm\u00e9nyek k\u00f6z\u00f6ttA KITE Optics Petrel II 8.5&#215;50 keres\u0151t\u00e1vcs\u0151 pr\u00e9mium min\u0151s\u00e9g\u0171 t\u00f6bbr\u00e9teg\u0171 optik\u00e1val rendelkezik, amely kimagasl\u00f3 f\u00e9ny\u00e1tereszt\u00e9st biztos\u00edt. A sz\u00e9les l\u00e1t\u00f3mez\u0151 (97 m \/ 1000 m) seg\u00edt a gyors c\u00e9lpontk\u00f6vet\u00e9sben, m\u00edg a nagy, 8.5x [&hellip;]<\/p>\n","protected":false},"featured_media":1445,"comment_status":"open","ping_status":"closed","template":"","meta":{"_et_pb_use_builder":"","_et_pb_old_content":"","_et_gb_content_width":"","om_disable_all_campaigns":false},"product_brand":[],"product_cat":[21,65,432],"product_tag":[67,431,433,364],"class_list":{"0":"post-1441","1":"product","2":"type-product","3":"status-publish","4":"has-post-thumbnail","6":"product_cat-uj","7":"product_cat-keresotavcso","8":"product_cat-kite","9":"product_tag-keresotavcso","10":"product_tag-kite-optics-petrel","11":"product_tag-kite-optics-petrel-ii-8-5x50","12":"product_tag-vadasz-felszereles","14":"first","15":"instock","16":"sale","17":"taxable","18":"shipping-taxable","19":"purchasable","20":"product-type-simple"},"_links":{"self":[{"href":"https:\/\/www.vadaszboltcsorna.hu\/index.php\/wp-json\/wp\/v2\/product\/1441","targetHints":{"allow":["GET"]}}],"collection":[{"href":"https:\/\/www.vadaszboltcsorna.hu\/index.php\/wp-json\/wp\/v2\/product"}],"about":[{"href":"https:\/\/www.vadaszboltcsorna.hu\/index.php\/wp-json\/wp\/v2\/types\/product"}],"replies":[{"embeddable":true,"href":"https:\/\/www.vadaszboltcsorna.hu\/index.php\/wp-json\/wp\/v2\/comments?post=1441"}],"wp:featuredmedia":[{"embeddable":true,"href":"https:\/\/www.vadaszboltcsorna.hu\/index.php\/wp-json\/wp\/v2\/media\/1445"}],"wp:attachment":[{"href":"https:\/\/www.vadaszboltcsorna.hu\/index.php\/wp-json\/wp\/v2\/media?parent=1441"}],"wp:term":[{"taxonomy":"product_brand","embeddable":true,"href":"https:\/\/www.vadaszboltcsorna.hu\/index.php\/wp-json\/wp\/v2\/product_brand?post=1441"},{"taxonomy":"product_cat","embeddable":true,"href":"https:\/\/www.vadaszboltcsorna.hu\/index.php\/wp-json\/wp\/v2\/product_cat?post=1441"},{"taxonomy":"product_tag","embeddable":true,"href":"https:\/\/www.vadaszboltcsorna.hu\/index.php\/wp-json\/wp\/v2\/product_tag?post=1441"}],"curies":[{"name":"wp","href":"https:\/\/api.w.org\/{rel}","templated":true}]}}