{"id":1283,"date":"2021-07-19T13:43:13","date_gmt":"2021-07-19T13:43:13","guid":{"rendered":"https:\/\/www.vadaszboltcsorna.hu\/?post_type=product&#038;p=1283"},"modified":"2024-04-16T06:51:47","modified_gmt":"2024-04-16T06:51:47","slug":"thermacell-mini-szunyogriaszto-lampa-mr-9sb","status":"publish","type":"product","link":"https:\/\/www.vadaszboltcsorna.hu\/index.php\/termek\/thermacell-mini-szunyogriaszto-lampa-mr-9sb\/","title":{"rendered":"Thermacell Mini sz\u00fanyogriaszt\u00f3-l\u00e1mpa MR-9SB"},"content":{"rendered":"<h2>Thermacell Mini sz\u00fanyogriaszt\u00f3-l\u00e1mpa MR-9SB<\/h2>\n<h4 class=\"description biggerText\"><strong>Le\u00edr\u00e1s:<\/strong>Thermacell Mini sz\u00fanyogriaszt\u00f3-l\u00e1mpa MR-9SB<\/h4>\n<p>Term\u00e9kinform\u00e1ci\u00f3<br \/>\nA Thermacell Mini hordozhat\u00f3 sz\u00fanyogriaszt\u00f3-l\u00e1mpa hat\u00e9konyan visszaszor\u00edtja a sz\u00fanyogokat egy 4,6 m\u00e9ter \u00e1tm\u00e9r\u0151j\u0171 v\u00e9dett z\u00f3na l\u00e9trehoz\u00e1s\u00e1val. B\u00e1rmilyen k\u00fclt\u00e9ri tev\u00e9kenys\u00e9g mellett haszn\u00e1lhat\u00f3, megv\u00e9dve a bosszant\u00f3 sz\u00fanyogokt\u00f3l, meg\u00e1ll\u00edtva \u0151ket miel\u0151tt megcs\u00edpn\u00e9nek.<\/p>\n<p>A sz\u00fanyogriaszt\u00f3 egy &#8211; a belsej\u00e9be elhelyezett &#8211; g\u00e1zpatronnal m\u0171k\u00f6dik, mely folyamatos haszn\u00e1lat mellett 12 \u00f3r\u00e1n kereszt\u00fcl biztos\u00edt sz\u00fanyogmentes z\u00f3n\u00e1t. Az fed\u00e9l lapon tal\u00e1lhat\u00f3 r\u00e1cs al\u00e1 kell becs\u00fasztatni a v\u00e9delem\u00e9rt felel\u0151s k\u00e9k sz\u00edn\u0171 lapk\u00e1t, amelyikb\u0151l meleg\u00edt\u00e9s hat\u00e1s\u00e1ra kip\u00e1rolog a speci\u00e1lis hat\u00f3anyag. B\u00e1rmikor f\u00e9lbeszak\u00edthat\u00f3\/le\u00e1ll\u00edthat\u00f3 a k\u00e9sz\u00fcl\u00e9k m\u0171k\u00f6d\u00e9s\u00e9, majd k\u00e9s\u0151bb \u00fajraind\u00edthat\u00f3, akar ugyanazzal a g\u00e1zpatronnal, illetve lapk\u00e1val!<\/p>\n<p>S\u00f6t\u00e9ted\u00e9sk\u00f3r hangulatos k\u00f6rnyezetet teremt a be\u00e9p\u00edtett, energia takar\u00e9kos LED-es l\u00e1mpa, mely legfeljebb 50 \u00f3ra vil\u00e1g\u00edt\u00e1st biztos\u00edt. H\u00e1rom db. AAA elemmel m\u0171k\u00f6dik (tartoz\u00e9k). A vil\u00e1g\u00edt\u00e1s be\/ki kapcsol\u00e1sa nem befoly\u00e1solja a sz\u00fanyogmentes z\u00f3n\u00e1t.<\/p>\n<p>1 db. Thermacell lapka max. 4 \u00f3r\u00e1ig biztos\u00edtja a sz\u00fanyogmentes v\u00e9dett z\u00f3n\u00e1t, 1 g\u00e1zpatron pedig max. 12 \u00f3ra \u00fczemid\u0151vel rendelkezik!<\/p>\n<p>A Mini hordozhat\u00f3 sz\u00fanyogriaszt\u00f3-l\u00e1mpa \u00faj \u00e9s tov\u00e1bbfejlesztett funkci\u00f3kat k\u00edn\u00e1l:<br \/>\n&#8211; LED-es hangulatos vil\u00e1g\u00edt\u00e1s (3 db. AAA elem, tartoz\u00e9k)<br \/>\n&#8211; csendes gy\u00fajt\u00e1s, \u00fajratervezett r\u00e1cs \u00e9s kapcsol\u00f3, jav\u00edtott ergon\u00f3mia<br \/>\n&#8211; ide\u00e1lis a sz\u00fanyogok visszatart\u00e1s\u00e1ra az udvart\u00f3l a szabad term\u00e9szetig<br \/>\n&#8211; foganty\u00faj\u00e1nak k\u00f6sz\u00f6nhet\u0151en k\u00f6nnyen hordozhat\u00f3<br \/>\n&#8211; nincs permet, nincs ny\u00edlt l\u00e1ng, nincs f\u00fcst\u00f6s gyertya<\/p>\n<p>A csomag tartalma:<br \/>\n1 db. Mini k\u00e9sz\u00fcl\u00e9k \u00e9s egy 12 \u00f3r\u00e1s ut\u00e1nt\u00f6lt\u0151 szett: 3 db Thermacell lapka \u00e9s 1 db g\u00e1zpatron<\/p>\n<p>Hasznos Tippek:<br \/>\n&#8211; v\u00e1rjon 10-30 percet (a ter\u00fclet m\u00e9ret\u00e9t\u0151l f\u00fcgg\u0151en) amig a v\u00e9delmi z\u00f3na kialakul<br \/>\n&#8211; legjobb eredm\u00e9ny ott \u00e9rhet\u0151 el, ahol minim\u00e1lis l\u00e9gmozg\u00e1s van<br \/>\n&#8211; az elhaszn\u00e1l\u00f3dott lapka sz\u00edne feh\u00e9rr\u00e9 v\u00e1ltozik a vil\u00e1gos k\u00e9kb\u0151l, ilyenkor sz\u00fcks\u00e9ges cser\u00e9lni<br \/>\n&#8211; bekapcsolt \u00e1llapotban, bizonyos l\u00e1that\u00f3 p\u00e1ra keletkezhet a k\u00e9sz\u00fcl\u00e9k k\u00f6zel\u00e9ben \u2013 ez term\u00e9szetes jelens\u00e9g<br \/>\n&#8211; nagyobb v\u00e9dett z\u00f3na biztos\u00edt\u00e1s\u00e1hoz, haszn\u00e1ljon t\u00f6bb k\u00e9sz\u00fcl\u00e9ket!<\/p>\n<p>A k\u00e9sz\u00fcl\u00e9k K\u00dcLT\u00c9RI sz\u00fanyogriaszt\u00f3, ez\u00e9rt NE haszn\u00e1lja belt\u00e9rben, s\u00e1torban vagy b\u00e1rmilyen z\u00e1rt helys\u00e9gben! Csak Thermacell ut\u00e1nt\u00f6lt\u0151 lapk\u00e1val m\u0171k\u00f6dik!<\/p>\n<div class=\"wrapper bot-border\"><\/div>\n","protected":false},"excerpt":{"rendered":"<p>Thermacell Mini sz\u00fanyogriaszt\u00f3-l\u00e1mpa MR-9SB Le\u00edr\u00e1s:Thermacell Mini sz\u00fanyogriaszt\u00f3-l\u00e1mpa MR-9SB Term\u00e9kinform\u00e1ci\u00f3 A Thermacell Mini hordozhat\u00f3 sz\u00fanyogriaszt\u00f3-l\u00e1mpa hat\u00e9konyan visszaszor\u00edtja a sz\u00fanyogokat egy 4,6 m\u00e9ter \u00e1tm\u00e9r\u0151j\u0171 v\u00e9dett z\u00f3na l\u00e9trehoz\u00e1s\u00e1val. B\u00e1rmilyen k\u00fclt\u00e9ri tev\u00e9kenys\u00e9g mellett haszn\u00e1lhat\u00f3, megv\u00e9dve a bosszant\u00f3 sz\u00fanyogokt\u00f3l, meg\u00e1ll\u00edtva \u0151ket miel\u0151tt megcs\u00edpn\u00e9nek. A sz\u00fanyogriaszt\u00f3 egy &#8211; a belsej\u00e9be elhelyezett &#8211; g\u00e1zpatronnal m\u0171k\u00f6dik, mely folyamatos haszn\u00e1lat mellett 12 \u00f3r\u00e1n kereszt\u00fcl [&hellip;]<\/p>\n","protected":false},"featured_media":1289,"comment_status":"open","ping_status":"closed","template":"","meta":{"_et_pb_use_builder":"","_et_pb_old_content":"","_et_gb_content_width":"","om_disable_all_campaigns":false},"product_brand":[],"product_cat":[21,423],"product_tag":[425,426],"class_list":{"0":"post-1283","1":"product","2":"type-product","3":"status-publish","4":"has-post-thumbnail","6":"product_cat-uj","7":"product_cat-szunyogriaszto","8":"product_tag-szunyogriaszto-keszulek","9":"product_tag-thermacell-mini-szunyogriaszto-lampa-mr-9sb","11":"first","12":"instock","13":"sale","14":"taxable","15":"shipping-taxable","16":"purchasable","17":"product-type-simple"},"_links":{"self":[{"href":"https:\/\/www.vadaszboltcsorna.hu\/index.php\/wp-json\/wp\/v2\/product\/1283","targetHints":{"allow":["GET"]}}],"collection":[{"href":"https:\/\/www.vadaszboltcsorna.hu\/index.php\/wp-json\/wp\/v2\/product"}],"about":[{"href":"https:\/\/www.vadaszboltcsorna.hu\/index.php\/wp-json\/wp\/v2\/types\/product"}],"replies":[{"embeddable":true,"href":"https:\/\/www.vadaszboltcsorna.hu\/index.php\/wp-json\/wp\/v2\/comments?post=1283"}],"wp:featuredmedia":[{"embeddable":true,"href":"https:\/\/www.vadaszboltcsorna.hu\/index.php\/wp-json\/wp\/v2\/media\/1289"}],"wp:attachment":[{"href":"https:\/\/www.vadaszboltcsorna.hu\/index.php\/wp-json\/wp\/v2\/media?parent=1283"}],"wp:term":[{"taxonomy":"product_brand","embeddable":true,"href":"https:\/\/www.vadaszboltcsorna.hu\/index.php\/wp-json\/wp\/v2\/product_brand?post=1283"},{"taxonomy":"product_cat","embeddable":true,"href":"https:\/\/www.vadaszboltcsorna.hu\/index.php\/wp-json\/wp\/v2\/product_cat?post=1283"},{"taxonomy":"product_tag","embeddable":true,"href":"https:\/\/www.vadaszboltcsorna.hu\/index.php\/wp-json\/wp\/v2\/product_tag?post=1283"}],"curies":[{"name":"wp","href":"https:\/\/api.w.org\/{rel}","templated":true}]}}