{"id":1174,"date":"2021-07-19T11:33:49","date_gmt":"2021-07-19T11:33:49","guid":{"rendered":"https:\/\/www.vadaszboltcsorna.hu\/?post_type=product&#038;p=1174"},"modified":"2025-04-17T11:47:14","modified_gmt":"2025-04-17T11:47:14","slug":"noblex-incepcion-3-18x56-abs-4-celtavcso","status":"publish","type":"product","link":"https:\/\/www.vadaszboltcsorna.hu\/index.php\/termek\/noblex-incepcion-3-18x56-abs-4-celtavcso\/","title":{"rendered":"Noblex Incepcion 3-18&#215;56 Abs.4 i c\u00e9lt\u00e1vcs\u0151"},"content":{"rendered":"<h2><strong>Noblex Incepcion 3-18&#215;56 Abs.4i c\u00e9lt\u00e1vcs\u0151<\/strong><\/h2>\n<p>&nbsp;<\/p>\n<h3><span style=\"font-family: Arial;\">A Noblex a j\u00f3l ismert Carl Zeiss Jena \u00e9s a Docter m\u00e1rk\u00e1k\u00a0 ut\u00f3dja, 150 \u00e9v gy\u00e1rt\u00f3i tapasztalattal.\u00a0<\/span><span style=\"font-family: Arial;\">NZ6-os sz\u00e9ria rendk\u00edv\u00fcl j\u00f3 \u00e1r-\u00e9rt\u00e9k ar\u00e1ny\u00fa t\u00e1vcs\u0151 pr\u00e9mium m\u00e1rk\u00e1kra jellemz\u0151 szolg\u00e1ltat\u00e1ssal,\u00a0<\/span>mint a d\u0151l\u00e9s\u00e9rz\u00e9kel\u0151s vil\u00e1g\u00edt\u00f3pont.<\/h3>\n<h3>Term\u00e9kjellemz\u0151k:<\/h3>\n<h3>-nagy\u00edt\u00e1s: 3-18<\/h3>\n<h3>&#8211; kil\u00e9p\u0151 pupilla: 11,3-3,1<\/h3>\n<h3>-l\u00e1t\u00f3mez\u0151 100 m\u00e9teren: 12,6-2,1m<\/h3>\n<h3>-d\u0151l\u00e9s\u00e9rz\u00e9kel\u0151s vil\u00e1g\u00edt\u00f3pont 4i<\/h3>\n<h3>-s\u00faly 790g<\/h3>\n<h3>\u00a0A le\u00edr\u00e1sban szerepl\u0151 adatok t\u00e1j\u00e9koztat\u00f3 jelleg\u0171ek, t\u00edpusonk\u00e9nt v\u00e1ltozhat!<br \/>\n\u00c1rakr\u00f3l \u00e9s egy\u00e9b inform\u00e1ci\u00f3kr\u00f3l k\u00e9rj\u00fck \u00e9rdekl\u0151dj\u00f6n!<\/h3>\n<h3>Az \u00e1rak t\u00e1j\u00e9koztat\u00f3 jelleg\u0171ek nem min\u0151s\u00fcl hivatalos aj\u00e1nlat t\u00e9telnek!<br \/>\nAz \u00e1rv\u00e1ltoz\u00e1s jog\u00e1t fenntartjuk!<\/h3>\n<h3><\/h3>\n","protected":false},"excerpt":{"rendered":"<p>Noblex Incepcion 3-18&#215;56 Abs.4i c\u00e9lt\u00e1vcs\u0151 &nbsp; A Noblex a j\u00f3l ismert Carl Zeiss Jena \u00e9s a Docter m\u00e1rk\u00e1k\u00a0 ut\u00f3dja, 150 \u00e9v gy\u00e1rt\u00f3i tapasztalattal.\u00a0NZ6-os sz\u00e9ria rendk\u00edv\u00fcl j\u00f3 \u00e1r-\u00e9rt\u00e9k ar\u00e1ny\u00fa t\u00e1vcs\u0151 pr\u00e9mium m\u00e1rk\u00e1kra jellemz\u0151 szolg\u00e1ltat\u00e1ssal,\u00a0mint a d\u0151l\u00e9s\u00e9rz\u00e9kel\u0151s vil\u00e1g\u00edt\u00f3pont. Term\u00e9kjellemz\u0151k: -nagy\u00edt\u00e1s: 3-18 &#8211; kil\u00e9p\u0151 pupilla: 11,3-3,1 -l\u00e1t\u00f3mez\u0151 100 m\u00e9teren: 12,6-2,1m -d\u0151l\u00e9s\u00e9rz\u00e9kel\u0151s vil\u00e1g\u00edt\u00f3pont 4i -s\u00faly 790g \u00a0A le\u00edr\u00e1sban szerepl\u0151 [&hellip;]<\/p>\n","protected":false},"featured_media":1176,"comment_status":"open","ping_status":"closed","template":"","meta":{"_et_pb_use_builder":"","_et_pb_old_content":"","_et_gb_content_width":"","om_disable_all_campaigns":false},"product_brand":[],"product_cat":[21,50,418],"product_tag":[52,420,679,70,85,86],"class_list":{"0":"post-1174","1":"product","2":"type-product","3":"status-publish","4":"has-post-thumbnail","6":"product_cat-uj","7":"product_cat-celtavcso","8":"product_cat-noblex-celtavcso","9":"product_tag-celtavcso","10":"product_tag-noblex-celtavcso","11":"product_tag-noblex-incepcion-3-18x56-abs-4-i-celtavcso","12":"product_tag-vadaszat","13":"product_tag-vadaszfelszereles","14":"product_tag-vadaszoptika","16":"first","17":"instock","18":"sale","19":"taxable","20":"shipping-taxable","21":"purchasable","22":"product-type-simple"},"_links":{"self":[{"href":"https:\/\/www.vadaszboltcsorna.hu\/index.php\/wp-json\/wp\/v2\/product\/1174","targetHints":{"allow":["GET"]}}],"collection":[{"href":"https:\/\/www.vadaszboltcsorna.hu\/index.php\/wp-json\/wp\/v2\/product"}],"about":[{"href":"https:\/\/www.vadaszboltcsorna.hu\/index.php\/wp-json\/wp\/v2\/types\/product"}],"replies":[{"embeddable":true,"href":"https:\/\/www.vadaszboltcsorna.hu\/index.php\/wp-json\/wp\/v2\/comments?post=1174"}],"wp:featuredmedia":[{"embeddable":true,"href":"https:\/\/www.vadaszboltcsorna.hu\/index.php\/wp-json\/wp\/v2\/media\/1176"}],"wp:attachment":[{"href":"https:\/\/www.vadaszboltcsorna.hu\/index.php\/wp-json\/wp\/v2\/media?parent=1174"}],"wp:term":[{"taxonomy":"product_brand","embeddable":true,"href":"https:\/\/www.vadaszboltcsorna.hu\/index.php\/wp-json\/wp\/v2\/product_brand?post=1174"},{"taxonomy":"product_cat","embeddable":true,"href":"https:\/\/www.vadaszboltcsorna.hu\/index.php\/wp-json\/wp\/v2\/product_cat?post=1174"},{"taxonomy":"product_tag","embeddable":true,"href":"https:\/\/www.vadaszboltcsorna.hu\/index.php\/wp-json\/wp\/v2\/product_tag?post=1174"}],"curies":[{"name":"wp","href":"https:\/\/api.w.org\/{rel}","templated":true}]}}