{"id":1107,"date":"2021-07-19T08:23:31","date_gmt":"2021-07-19T08:23:31","guid":{"rendered":"https:\/\/www.vadaszboltcsorna.hu\/?post_type=product&#038;p=1107"},"modified":"2024-05-29T06:34:50","modified_gmt":"2024-05-29T06:34:50","slug":"schmidt-bender-25-10x56-zenith-flashdot-celtavcso","status":"publish","type":"product","link":"https:\/\/www.vadaszboltcsorna.hu\/index.php\/termek\/schmidt-bender-25-10x56-zenith-flashdot-celtavcso\/","title":{"rendered":"Schmidt Bender 2,5-10&#215;56 Zenith FlashDot c\u00e9lt\u00e1vcs\u0151"},"content":{"rendered":"<h2><strong>Schmidt Bender 2,5-10&#215;56 Zenith FlashDot c\u00e9lt\u00e1vcs\u0151<\/strong><\/h2>\n<div id=\"productDescription\" class=\"description biggerText\">\n<h3>Schmidt Bender 2,5-10&#215;56\u00a0 Zenith FlashDot C\u00e9lt\u00e1vcs\u0151<\/h3>\n<h3>Ez a nagy teljes\u00edtm\u00e9ny\u0171, de kompakt Zenith-modell k\u00fcl\u00f6n\u00f6sen \u00e9jszakai les \u00e9s rossz l\u00e1t\u00e1si viszonyok k\u00f6z\u00f6tt t\u00f6rt\u00e9n\u0151 vad\u00e1szat eset\u00e9n v\u00e1lik be. R\u00f6vid kivitel\u00e9n\u00e9l fogva a modell j\u00f3l alkalmazhat\u00f3 a m\u00e1r megl\u00e9v\u0151 szerel\u00e9kkel ell\u00e1tott r\u00e9gebbi fegyverekhez is.<\/h3>\n<h3><strong>M\u0171szaki le\u00edr\u00e1s:<\/strong><br \/>\nNagy\u00edt\u00e1s: 2,5-10x<br \/>\nT\u00e1rgylencse\u00e1tm\u00e9r\u0151: 56 mm<br \/>\nSz\u00fcrk\u00fcleti \u00e9rt\u00e9k: 7,1-23,6<br \/>\nL\u00e1t\u00f3mez\u0151:\u00a0 3,8-14,2 m\/100m<br \/>\nTubus k\u00fcls\u0151 \u00e1tm\u00e9r\u0151je k\u00f6z\u00e9pen: 30 mm<br \/>\nS\u00faly: 670 g<br \/>\nHossz: 330 mm<\/h3>\n<h3>Ir\u00e1nyz\u00f3jelek: FD1, FD4, FD7,<\/h3>\n<\/div>\n<div id=\"productAttributes\">\n<h3 id=\"attribsOptionsText\">Lehet\u0151s\u00e9gek:<\/h3>\n<div class=\"wrapperAttribsOptions\">\n<h3 class=\"optionName back\">C\u00e9lkereszt<\/h3>\n<h3 class=\"back\"><input id=\"attrib-3-160\" name=\"id[3]\" type=\"radio\" value=\"160\" \/><label class=\"attribsRadioButton zero\" for=\"attrib-3-160\">FD1<\/label><br \/>\n<input id=\"attrib-3-161\" name=\"id[3]\" type=\"radio\" value=\"161\" \/><label class=\"attribsRadioButton zero\" for=\"attrib-3-161\">FD4<\/label><br \/>\n<input id=\"attrib-3-162\" name=\"id[3]\" type=\"radio\" value=\"162\" \/><label class=\"attribsRadioButton zero\" for=\"attrib-3-162\">FD7<\/label><\/h3>\n<\/div>\n<\/div>\n<h3><strong>Az \u00e1rak t\u00e1j\u00e9koztat\u00f3 jelleg\u0171ek, az \u00e1rv\u00e1ltoz\u00e1s jog\u00e1t fenntartjuk!<\/strong><\/h3>\n","protected":false},"excerpt":{"rendered":"<p>https:\/\/www.youtube.com\/watch?v=mi78gVMQPUo<\/p>\n","protected":false},"featured_media":1108,"comment_status":"open","ping_status":"closed","template":"","meta":{"_et_pb_use_builder":"","_et_pb_old_content":"","_et_gb_content_width":"","om_disable_all_campaigns":false},"product_brand":[],"product_cat":[21,50,379],"product_tag":[52,53,70,86],"class_list":{"0":"post-1107","1":"product","2":"type-product","3":"status-publish","4":"has-post-thumbnail","6":"product_cat-uj","7":"product_cat-celtavcso","8":"product_cat-schmidt-bender-celtavcso","9":"product_tag-celtavcso","10":"product_tag-schmidt-bender","11":"product_tag-vadaszat","12":"product_tag-vadaszoptika","14":"first","15":"instock","16":"taxable","17":"shipping-taxable","18":"purchasable","19":"product-type-simple"},"_links":{"self":[{"href":"https:\/\/www.vadaszboltcsorna.hu\/index.php\/wp-json\/wp\/v2\/product\/1107","targetHints":{"allow":["GET"]}}],"collection":[{"href":"https:\/\/www.vadaszboltcsorna.hu\/index.php\/wp-json\/wp\/v2\/product"}],"about":[{"href":"https:\/\/www.vadaszboltcsorna.hu\/index.php\/wp-json\/wp\/v2\/types\/product"}],"replies":[{"embeddable":true,"href":"https:\/\/www.vadaszboltcsorna.hu\/index.php\/wp-json\/wp\/v2\/comments?post=1107"}],"wp:featuredmedia":[{"embeddable":true,"href":"https:\/\/www.vadaszboltcsorna.hu\/index.php\/wp-json\/wp\/v2\/media\/1108"}],"wp:attachment":[{"href":"https:\/\/www.vadaszboltcsorna.hu\/index.php\/wp-json\/wp\/v2\/media?parent=1107"}],"wp:term":[{"taxonomy":"product_brand","embeddable":true,"href":"https:\/\/www.vadaszboltcsorna.hu\/index.php\/wp-json\/wp\/v2\/product_brand?post=1107"},{"taxonomy":"product_cat","embeddable":true,"href":"https:\/\/www.vadaszboltcsorna.hu\/index.php\/wp-json\/wp\/v2\/product_cat?post=1107"},{"taxonomy":"product_tag","embeddable":true,"href":"https:\/\/www.vadaszboltcsorna.hu\/index.php\/wp-json\/wp\/v2\/product_tag?post=1107"}],"curies":[{"name":"wp","href":"https:\/\/api.w.org\/{rel}","templated":true}]}}