{"id":1089,"date":"2021-07-19T07:36:39","date_gmt":"2021-07-19T07:36:39","guid":{"rendered":"https:\/\/www.vadaszboltcsorna.hu\/?post_type=product&#038;p=1089"},"modified":"2023-02-01T12:44:46","modified_gmt":"2023-02-01T12:44:46","slug":"schmidt-bender-klassic-3-12x50-lm-hun-vilagitopontos-celtavcso","status":"publish","type":"product","link":"https:\/\/www.vadaszboltcsorna.hu\/index.php\/termek\/schmidt-bender-klassic-3-12x50-lm-hun-vilagitopontos-celtavcso\/","title":{"rendered":"Schmidt Bender Klassic 3-12&#215;50 LM Hun Vil\u00e1g\u00edt\u00f3pontos C\u00e9lt\u00e1vcs\u0151"},"content":{"rendered":"<h2><strong>Schmidt Bender Klassic 3-12&#215;50 LM Hun Vil\u00e1g\u00edt\u00f3pontos C\u00e9lt\u00e1vcs\u0151<\/strong><\/h2>\n<h4>A legjobban kedvelt c\u00e9lt\u00e1vcs\u00f6vek k\u00f6z\u00f6tt vannak a megb\u00edzhat\u00f3s\u00e1guk miatt.<\/h4>\n<h4>Az \u00e9jszakai vil.pont val\u00f3ban szab\u00e1lyos kont\u00farral rendelkez\u0151 pont.<\/h4>\n<h4>Er\u0151s\u00edtett k\u00f6nny\u0171f\u00e9m tubus, amit a katonai t\u00e1vcs\u00f6vekn\u00e9l is haszn\u00e1lnak. A magyar klassikokn\u00e1l 10000 Joule cs\u0151torkolati energia b\u00edr\u00e1s\u00e1t garant\u00e1lj\u00e1k.<\/h4>\n<h4>SCHOTT lencs\u00e9kkel van szerelve, ami magas, 95%-os f\u00e9ny\u00e1tereszt\u00e9st biztos\u00edt\u00f3 r\u00e9teg. 6 darab n\u00e9met SCHOTT optika tal\u00e1lhat\u00f3 benne. A term\u00e9k er\u0151s v\u00e1za miatt haszn\u00e1lhat\u00f3 \u00e9jszakai el\u0151t\u00e9tekkel.<\/h4>\n<h4>A betekint\u00e9si t\u00e1vols\u00e1g nagyobb mint a konkurens c\u00e9gek term\u00e9kein\u00e9l, \u00edgy biztons\u00e1gosabb l\u00f6v\u00e9st lehet leadni nagy kalibern\u00e9l.<\/h4>\n<h4>Az optikai alkatr\u00e9szekre 30 \u00e9v garancia van, amit Magyarorsz\u00e1gon lehet \u00e9rv\u00e9nyes\u00edteni a Schmidt Bender gy\u00e1rban (nem kell kik\u00fcldeni m\u00e1s orsz\u00e1gba, gyorsabb a szerviz h\u00e1tt\u00e9r).<\/h4>\n<h4>Schmidt Bender Klassic 3-12&#215;50 LM Hun Vil\u00e1g\u00edt\u00f3pontos C\u00e9lt\u00e1vcs\u0151<\/h4>\n<h4>Nagyobb l\u0151t\u00e1vols\u00e1g eset\u00e9n a vad\u00e1sznak sz\u00fcks\u00e9ge van a 12-szeres nagy\u00edt\u00e1sra. Az 50mm-es objekt\u00edv kit\u0171n\u0151 sz\u00fcrk\u00fcleti teljes\u00edtm\u00e9nyt ny\u00fajt, meg\u0151rizve a t\u00e1vcs\u0151 karcs\u00fa form\u00e1j\u00e1t. A t\u00e1vcs\u0151 ez\u00e1ltal optim\u00e1lisan alacsonyra szerelhet\u0151. Csak 30mm-es tubussal kaphat\u00f3.<\/h4>\n<h4><\/h4>\n<h4>Technikai adatok<\/h4>\n<table class=\"framedBox\" border=\"0\" cellspacing=\"0\" cellpadding=\"2\">\n<tbody>\n<tr>\n<td class=\"framedBR\">\n<table class=\"framedBox\" border=\"0\" cellspacing=\"0\" cellpadding=\"2\">\n<tbody>\n<tr>\n<td class=\"framedBR\">\n<table class=\"framedBox\" border=\"0\" cellspacing=\"0\" cellpadding=\"2\">\n<tbody>\n<tr>\n<td class=\"framedBR\">\n<table class=\"framedBox\" border=\"0\" cellspacing=\"0\" cellpadding=\"2\">\n<tbody>\n<tr>\n<td class=\"framedBR\">\n<h4>Kil\u00e9p\u0151 pupilla (mm)<\/h4>\n<\/td>\n<td class=\"framedB\" width=\"150\">\n<h4>4,2 &#8211; 14,4<\/h4>\n<\/td>\n<\/tr>\n<tr>\n<td class=\"framedBR\">\n<h4>Sz\u00fcrk\u00fcleti sz\u00e1m<\/h4>\n<\/td>\n<td class=\"framedB\">\n<h4>8,5 &#8211; 24,5<\/h4>\n<\/td>\n<\/tr>\n<tr>\n<td class=\"framedBR\">\n<h4>L\u00e1t\u00f3mez\u0151 (m\/100m)<\/h4>\n<\/td>\n<td class=\"framedB\">\n<h4>3,4 &#8211; 11,1<\/h4>\n<\/td>\n<\/tr>\n<tr>\n<td class=\"framedBR\">\n<h4>Szemt\u00e1vols\u00e1g (mm)<\/h4>\n<\/td>\n<td class=\"framedB\">\n<h4>80<\/h4>\n<\/td>\n<\/tr>\n<tr>\n<td class=\"framedBR\">\n<h4>K\u00f6z\u00e9ps\u0151 cs\u0151 \u00e1tm\u00e9r\u0151je LM (mm)<\/h4>\n<\/td>\n<td class=\"framedB\">\n<h4>30<\/h4>\n<\/td>\n<\/tr>\n<tr>\n<td class=\"framedBR\">\n<h4>K\u00f6z\u00e9ps\u0151 cs\u0151 \u00e1tm\u00e9r\u0151je LMS (mm)<\/h4>\n<\/td>\n<td class=\"framedB\">\n<h4>30<\/h4>\n<\/td>\n<\/tr>\n<tr>\n<td class=\"framedBR\">\n<h4>Objekt\u00edv\u00e1tm\u00e9r\u0151 (mm)<\/h4>\n<\/td>\n<td class=\"framedB\">\n<h4>50<\/h4>\n<\/td>\n<\/tr>\n<tr>\n<td class=\"framedBR\">\n<h4>Teljes hossz (mm)<\/h4>\n<\/td>\n<td class=\"framedB\">\n<h4>350<\/h4>\n<\/td>\n<\/tr>\n<tr>\n<td class=\"framedBR\">\n<h4>Tal\u00e1lati pont \u00e1ll\u00edt\u00e1s (klikk\/mm\/100m)<\/h4>\n<\/td>\n<td class=\"framedB\">\n<h4>10<\/h4>\n<\/td>\n<\/tr>\n<tr>\n<td class=\"framedBR\">\n<h4>S\u00faly (g)<\/h4>\n<\/td>\n<td class=\"framedB\"><\/td>\n<\/tr>\n<tr>\n<td class=\"framedBR\">\n<h4>Megvil\u00e1g\u00edt\u00e1s n\u00e9lk\u00fcl (LM)<\/h4>\n<\/td>\n<td class=\"framedB\">\n<h4>576<\/h4>\n<\/td>\n<\/tr>\n<tr>\n<td class=\"framedBR\">\n<h4>Megvil\u00e1g\u00edt\u00e1s n\u00e9lk\u00fcl (LMS)<\/h4>\n<\/td>\n<td class=\"framedB\">\n<h4>600<\/h4>\n<\/td>\n<\/tr>\n<tr>\n<td class=\"framedBR\">\n<h4>Megvil\u00e1g\u00edtott (LM)<\/h4>\n<\/td>\n<td class=\"framedB\">\n<h4>614<\/h4>\n<\/td>\n<\/tr>\n<tr>\n<td class=\"framedBR\">\n<h4>Megvil\u00e1g\u00edtott (LMS)<\/h4>\n<\/td>\n<td class=\"framedB\">\n<h4>640<\/h4>\n<\/td>\n<\/tr>\n<\/tbody>\n<\/table>\n<\/td>\n<\/tr>\n<\/tbody>\n<\/table>\n<\/td>\n<\/tr>\n<\/tbody>\n<\/table>\n<\/td>\n<\/tr>\n<\/tbody>\n<\/table>\n<h4><strong>Az \u00e1rak t\u00e1j\u00e9koztat\u00f3 jelleg\u0171ek, az \u00e1rv\u00e1ltoz\u00e1s jog\u00e1t fenntartjuk!<\/strong><\/h4>\n","protected":false},"excerpt":{"rendered":"<p>https:\/\/www.youtube.com\/watch?v=9zE1FgwEnYc<\/p>\n","protected":false},"featured_media":1091,"comment_status":"open","ping_status":"closed","template":"","meta":{"_et_pb_use_builder":"","_et_pb_old_content":"","_et_gb_content_width":"","om_disable_all_campaigns":false},"product_brand":[],"product_cat":[21,50,379],"product_tag":[52,403,364,70,86],"class_list":{"0":"post-1089","1":"product","2":"type-product","3":"status-publish","4":"has-post-thumbnail","6":"product_cat-uj","7":"product_cat-celtavcso","8":"product_cat-schmidt-bender-celtavcso","9":"product_tag-celtavcso","10":"product_tag-schmidt-bender-klassic-3-12x50-lm-hun","11":"product_tag-vadasz-felszereles","12":"product_tag-vadaszat","13":"product_tag-vadaszoptika","15":"first","16":"instock","17":"sale","18":"taxable","19":"shipping-taxable","20":"purchasable","21":"product-type-simple"},"_links":{"self":[{"href":"https:\/\/www.vadaszboltcsorna.hu\/index.php\/wp-json\/wp\/v2\/product\/1089","targetHints":{"allow":["GET"]}}],"collection":[{"href":"https:\/\/www.vadaszboltcsorna.hu\/index.php\/wp-json\/wp\/v2\/product"}],"about":[{"href":"https:\/\/www.vadaszboltcsorna.hu\/index.php\/wp-json\/wp\/v2\/types\/product"}],"replies":[{"embeddable":true,"href":"https:\/\/www.vadaszboltcsorna.hu\/index.php\/wp-json\/wp\/v2\/comments?post=1089"}],"wp:featuredmedia":[{"embeddable":true,"href":"https:\/\/www.vadaszboltcsorna.hu\/index.php\/wp-json\/wp\/v2\/media\/1091"}],"wp:attachment":[{"href":"https:\/\/www.vadaszboltcsorna.hu\/index.php\/wp-json\/wp\/v2\/media?parent=1089"}],"wp:term":[{"taxonomy":"product_brand","embeddable":true,"href":"https:\/\/www.vadaszboltcsorna.hu\/index.php\/wp-json\/wp\/v2\/product_brand?post=1089"},{"taxonomy":"product_cat","embeddable":true,"href":"https:\/\/www.vadaszboltcsorna.hu\/index.php\/wp-json\/wp\/v2\/product_cat?post=1089"},{"taxonomy":"product_tag","embeddable":true,"href":"https:\/\/www.vadaszboltcsorna.hu\/index.php\/wp-json\/wp\/v2\/product_tag?post=1089"}],"curies":[{"name":"wp","href":"https:\/\/api.w.org\/{rel}","templated":true}]}}