{"id":1029,"date":"2021-05-19T10:16:05","date_gmt":"2021-05-19T10:16:05","guid":{"rendered":"http:\/\/www.vadaszboltcsorna.hu\/?post_type=product&#038;p=1029"},"modified":"2024-05-29T06:30:50","modified_gmt":"2024-05-29T06:30:50","slug":"delta-titanium-25-10x56-hd-celtavcso","status":"publish","type":"product","link":"https:\/\/www.vadaszboltcsorna.hu\/index.php\/termek\/delta-titanium-25-10x56-hd-celtavcso\/","title":{"rendered":"Delta Titanium 2,5-10&#215;56 HD c\u00e9lt\u00e1vcs\u0151"},"content":{"rendered":"<h2><strong>Delta Titanium 2,5-10&#215;56 HD c\u00e9lt\u00e1vcs\u0151<\/strong><\/h2>\n<h3>Delta Optical Titanium 2,5-10&#215;56 HD IR n\u00e9met 4A S sz\u00e1lkereszttel.<\/h3>\n<h4>A term\u00e9k r\u00e9szletes le\u00edr\u00e1sa:<\/h4>\n<h4>A c\u00e9lt\u00e1vcs\u00f5 eredeti, igazoltan jap\u00e1n gy\u00e1rtm\u00e1ny, tubusa, h\u00e1za egy anyagb\u00f3l k\u00e9sz\u00fclt, mely nagyon massz\u00edv, strapab\u00edr\u00f3. Az optikai elemek els\u0151 oszt\u00e1ly\u00faak, a kiv\u00e1l\u00f3 \u00fcveganyagok minden fel\u00fclet\u00e9re a legmodernebb antireflexi\u00f3s bevonatot teszik, \u00edgy kimagasl\u00f3 a t\u00e1vcs\u0151 kontrasztja \u00e9s f\u00e9ny\u00e1tereszt\u00e9se. Ezt legink\u00e1bb a sz\u00fcrk\u00fcleti, vagy \u00e9jszakai haszn\u00e1lat sor\u00e1n \u00e9rt\u00e9kelj\u00fck igaz\u00e1n.<\/h4>\n<h4>Sz\u00e1lkeresztje m\u00e1r m\u00f3dos\u00edtott German 4AS, mely finom\u00edtott, v\u00e9kony\u00edtott k\u00f6z\u00e9ps\u0151 r\u00e9sszel rendelkezik, mely pontosabb c\u00e9lz\u00e1st tesz lehet\u0151v\u00e9. A sz\u00e1lkereszt a m\u00e1sodik k\u00e9ps\u00edkban van, \u00edgy vari\u00e1belez\u00e9skor a m\u00e9rete nem v\u00e1ltozik. A vil\u00e1g\u00edt\u00f3pont csak t\u0171sz\u00far\u00e1snyi m\u00e9ret\u0171, f\u00e9nyereje sz\u00e9les tartom\u00e1nyban szab\u00e1lyozhat\u00f3, megfelel\u0151en le lehet venni a f\u00e9nyerej\u00e9t \u00e9jszak\u00e1ra, \u00e9s j\u00f3l l\u00e1that\u00f3 ak\u00e1r f\u00e9nyes nappal is. \u00c9jszaka nem &#8222;k\u00f6d\u00f6l&#8221; be piros f\u00e9nnyel a l\u00e1t\u00f3mez\u0151be.<\/h4>\n<h4>L\u0151\u00e1ll\u00f3s\u00e1ga 6500 Joule, \u00edgy b\u00e1tran felrakhatjuk a nagy kaliber\u0171 vad\u00e1szfegyverekre is.<\/h4>\n<h4>2,5-10x-ig terjed\u0151 nagy\u00edt\u00e1startom\u00e1nya megfelel cserkel\u00e9shez \u00e9s lesvad\u00e1szathoz is. Olyan vad\u00e1szoknak val\u00f3, akik nem akarnak kompromisszumot k\u00f6tni, megfelel\u0151 l\u0151\u00e1ll\u00f3s\u00e1g\u00fa c\u00e9lt\u00e1vcs\u00f6vet szeretn\u00e9nek kiv\u00e1l\u00f3 f\u00e9ny\u00e1tereszt\u00e9s mellett. (A f\u00e9ny\u00e1tereszt\u00e9s az eg\u00e9sz optikai rendszerben m\u00e9rve 92% k\u00f6r\u00fcli, amely kimagasl\u00f3 \u00e9rt\u00e9k). A vil\u00e1g\u00edt\u00f3pont f\u00e9nye kell\u0151en cs\u00f6kkenthet\u0151, \u00edgy teljes s\u00f6t\u00e9ts\u00e9gben sem zavar\u00f3, ugyanakkor nappali haszn\u00e1lathoz is elegend\u0151 f\u00e9nyer\u0151 adhat\u00f3 r\u00e1. Vari\u00e1belez\u00e9skor a vil\u00e1g\u00edt\u00f3pont m\u00e9rete (m\u00e1s m\u00e1rk\u00e1kt\u00f3l elt\u00e9r\u00f5en) nem n\u00f6vekszik, m\u00e9rete 100 m\u00e9teren minden nagy\u00edt\u00e1sn\u00e1l 1 cm-es marad! M\u00e1sik fontos tulajdons\u00e1ga a stabilit\u00e1sa. 30 mm \u00e1tm\u00e9r\u0151j\u0171 tubusa egy anyagb\u00f3l k\u00e9sz\u00fclt \u00e9s m\u00e9g a 9,3&#215;62-eshez hasonl\u00f3 nagy kalibereket is elb\u00edrja. A nitrog\u00e9n t\u00f6lt\u00e9s v\u00edzzel \u00e9s p\u00e1r\u00e1val ellen\u00e1ll\u00f3v\u00e1 teszi. A term\u00e9kre 10 \u00e9ves j\u00f3t\u00e1ll\u00e1st adunk. A Delta Titanium fegyvert\u00e1vcs\u00f6vek tubusainak anyaga \u00f6tv\u00f6zet, 70% alum\u00ednium, 20% r\u00e9z, 10% ac\u00e9l.<\/h4>\n<h4>A HD sorozat k\u00e9t v\u00e1ltozatban kaphat\u00f3:<br \/>\n2,5-10&#215;56 HD anal\u00f3g f\u00e9nyer\u0151szab\u00e1lyz\u00f3s vil\u00e1g\u00edt\u00f3pont<br \/>\n2,5-10&#215;56 HD Di, digit\u00e1lis f\u00e9nyer\u0151szab\u00e1lyoz\u00f3s vil\u00e1gt\u00f3pont<\/h4>\n<h4>A l\u00e1t\u00f3mez\u0151 m\u00e9rete jelent\u0151sen megn\u0151tt, a kor\u00e1bbi modell 7,3\u00b0- 1,94\u00b0 (azaz 100 m\u00e9teren 12,8 m &#8211; 3,4 m 2,5x-10x nagy\u00edt\u00e1s k\u00f6z\u00f6tt), a HD modell 8,22\u00b0 &#8211; 2,12\u00b0 (azaz 100 m\u00e9teren 14,4 m &#8211; 3,7 m 2,5x-10x nagy\u00edt\u00e1s k\u00f6z\u00f6tt).<\/h4>\n<h4>Term\u00e9kk\u00f3d DO2-10x56hd<br \/>\nobjekt\u00edv \u00e1tm\u00e9r\u0151 56 mm<br \/>\nkil\u00e9p\u0151 pupilla 11,6 &#8211; 5,6 mm<br \/>\npupillat\u00e1vols\u00e1g 99 mm<br \/>\nl\u00e1t\u00f3mez\u0151 14,4 &#8211; 3,7 m (2,5x-10x) m\/100m<br \/>\nl\u00e1t\u00f3mez\u0151 (sz\u00f6g) 8,22 &#8211; 2,12 fok (2,5x-10x) fok<br \/>\nsz\u00fcrk\u00fcleti \u00e9rt\u00e9k 11,83 &#8211; 23,66<br \/>\nir\u00e1nyz\u00e9k 4A S<br \/>\nmegvil\u00e1g\u00edthat\u00f3 sz\u00e1lkereszt vil\u00e1g\u00edt\u00f3pont anal\u00f3g szab.<br \/>\nk\u00f6zelpont &#8211; m<br \/>\nhossz 365 mm<br \/>\ntubus \u00e1tm\u00e9r\u0151 30 mm<br \/>\nt\u00f6lt\u0151 g\u00e1z nitrog\u00e9n<br \/>\nbevonat FMC (93% f\u00e9ny\u00e1tereszt\u00e9s 550nm-es hull\u00e1mhosszon<br \/>\ntal\u00e1latpont \u00e1ll\u00edt\u00e1s kattint\u00e1sonk\u00e9nt\u00a0 7,25 mm (0,25MOA)mm\/100m mm\/100m<br \/>\nk\u00f6z\u00e9ppont \u00e1tm\u00e9r\u0151je (100 m\u00e9teren) 10x-n\u00e9l 10,4mm<br \/>\nl\u0151\u00e1ll\u00f3s\u00e1g 1000 G \/ 6500 J<br \/>\nh\u0151m\u00e9rs\u00e9kleti tartom\u00e1ny -20 +70 Ck\u00f6z\u00f6tt k\u00f6z\u00f6tt<br \/>\nt\u00f6meg 742 g<\/h4>\n<h4><strong>Az \u00e1rak t\u00e1j\u00e9koztat\u00f3 jelleg\u0171ek, az \u00e1rv\u00e1ltoz\u00e1s jog\u00e1t fenntartjuk!<\/strong><\/h4>\n","protected":false},"excerpt":{"rendered":"<h2><strong>Delta Titanium 2,5-10&#215;56 HD c\u00e9lt\u00e1vcs\u0151<\/strong><\/h2>\n<p>https:\/\/www.youtube.com\/watch?v=30aEslTvDI4<\/p>\n","protected":false},"featured_media":1030,"comment_status":"open","ping_status":"closed","template":"","meta":{"_et_pb_use_builder":"","_et_pb_old_content":"","_et_gb_content_width":"","om_disable_all_campaigns":false},"product_brand":[],"product_cat":[21,50,72],"product_tag":[386,52,385,364,70],"class_list":{"0":"post-1029","1":"product","2":"type-product","3":"status-publish","4":"has-post-thumbnail","6":"product_cat-uj","7":"product_cat-celtavcso","8":"product_cat-delta","9":"product_tag-5-10x56-hd-celtavcso","10":"product_tag-celtavcso","11":"product_tag-delta-titanium-2","12":"product_tag-vadasz-felszereles","13":"product_tag-vadaszat","15":"first","16":"instock","17":"taxable","18":"shipping-taxable","19":"purchasable","20":"product-type-simple"},"_links":{"self":[{"href":"https:\/\/www.vadaszboltcsorna.hu\/index.php\/wp-json\/wp\/v2\/product\/1029","targetHints":{"allow":["GET"]}}],"collection":[{"href":"https:\/\/www.vadaszboltcsorna.hu\/index.php\/wp-json\/wp\/v2\/product"}],"about":[{"href":"https:\/\/www.vadaszboltcsorna.hu\/index.php\/wp-json\/wp\/v2\/types\/product"}],"replies":[{"embeddable":true,"href":"https:\/\/www.vadaszboltcsorna.hu\/index.php\/wp-json\/wp\/v2\/comments?post=1029"}],"wp:featuredmedia":[{"embeddable":true,"href":"https:\/\/www.vadaszboltcsorna.hu\/index.php\/wp-json\/wp\/v2\/media\/1030"}],"wp:attachment":[{"href":"https:\/\/www.vadaszboltcsorna.hu\/index.php\/wp-json\/wp\/v2\/media?parent=1029"}],"wp:term":[{"taxonomy":"product_brand","embeddable":true,"href":"https:\/\/www.vadaszboltcsorna.hu\/index.php\/wp-json\/wp\/v2\/product_brand?post=1029"},{"taxonomy":"product_cat","embeddable":true,"href":"https:\/\/www.vadaszboltcsorna.hu\/index.php\/wp-json\/wp\/v2\/product_cat?post=1029"},{"taxonomy":"product_tag","embeddable":true,"href":"https:\/\/www.vadaszboltcsorna.hu\/index.php\/wp-json\/wp\/v2\/product_tag?post=1029"}],"curies":[{"name":"wp","href":"https:\/\/api.w.org\/{rel}","templated":true}]}}