{"id":1023,"date":"2021-05-19T08:58:03","date_gmt":"2021-05-19T08:58:03","guid":{"rendered":"http:\/\/www.vadaszboltcsorna.hu\/?post_type=product&#038;p=1023"},"modified":"2023-09-04T11:06:45","modified_gmt":"2023-09-04T11:06:45","slug":"schmidt-bender-klassik-8x56-vilagitopontos-hungarian-celtavcso","status":"publish","type":"product","link":"https:\/\/www.vadaszboltcsorna.hu\/index.php\/termek\/schmidt-bender-klassik-8x56-vilagitopontos-hungarian-celtavcso\/","title":{"rendered":"Schmidt Bender Klassik 8&#215;56 Vil\u00e1g\u00edt\u00f3pontos Hungarian C\u00e9lt\u00e1vcs\u0151"},"content":{"rendered":"<h2><strong>Schmidt Bender Klassik 8&#215;56 Vil\u00e1g\u00edt\u00f3pontos Hungarian C\u00e9lt\u00e1vcs\u0151<\/strong><\/h2>\n<h4>A legjobban kedvelt c\u00e9lt\u00e1vcs\u00f6vek k\u00f6z\u00f6tt vannak a megb\u00edzhat\u00f3s\u00e1guk miatt.<\/h4>\n<h4>Az \u00e9jszakai vil.pont val\u00f3ban szab\u00e1lyos kont\u00farral rendelkez\u0151 pont.<\/h4>\n<h4>Er\u0151s\u00edtett k\u00f6nny\u0171f\u00e9m tubus, amit a katonai t\u00e1vcs\u00f6vekn\u00e9l is haszn\u00e1lnak. A magyar klasszikokn\u00e1l 10000 Joule cs\u0151torkolati energia b\u00edr\u00e1s\u00e1t garant\u00e1lj\u00e1k.<\/h4>\n<h4>SCHOTT lencs\u00e9kkel van szerelve, ami magas, 95%-os f\u00e9ny\u00e1tereszt\u00e9st biztos\u00edt\u00f3 r\u00e9teg. 6 darab n\u00e9met SCHOTT optika tal\u00e1lhat\u00f3 benne. A term\u00e9k er\u0151s v\u00e1za miatt haszn\u00e1lhat\u00f3 \u00e9jszakai el\u0151t\u00e9tekkel.<\/h4>\n<h4>A betekint\u00e9si t\u00e1vols\u00e1g nagyobb mint a konkurens c\u00e9gek term\u00e9kein\u00e9l, \u00edgy biztons\u00e1gosabb l\u00f6v\u00e9st lehet leadni nagy kalibern\u00e9l.<\/h4>\n<h4>Az optikai alkatr\u00e9szekre 30 \u00e9v garancia van, amit Magyarorsz\u00e1gon lehet \u00e9rv\u00e9nyes\u00edteni a Schmidt Bender gy\u00e1rban (nem kell kik\u00fcldeni m\u00e1s orsz\u00e1gba, gyorsabb a szerviz h\u00e1tt\u00e9r).<\/h4>\n<h4><strong>Az \u00e1rak t\u00e1j\u00e9koztat\u00f3 jelleg\u0171ek, az \u00e1rv\u00e1ltoz\u00e1s jog\u00e1t fenntartjuk!<\/strong><\/h4>\n","protected":false},"excerpt":{"rendered":"<h2><strong>Schmidt Bender Klassik 8&#215;56 Vil\u00e1g\u00edt\u00f3pontos Hungarian C\u00e9lt\u00e1vcs\u0151<\/strong><\/h2>\n<p>https:\/\/www.youtube.com\/watch?v=wRkGrGopmYc<\/p>\n<p>https:\/\/www.youtube.com\/watch?v=6TfzLfrluoI&amp;t=3s<\/p>\n","protected":false},"featured_media":1024,"comment_status":"open","ping_status":"closed","template":"","meta":{"_et_pb_use_builder":"","_et_pb_old_content":"","_et_gb_content_width":"","om_disable_all_campaigns":false},"product_brand":[],"product_cat":[21,50,379],"product_tag":[52,382,364,70],"class_list":{"0":"post-1023","1":"product","2":"type-product","3":"status-publish","4":"has-post-thumbnail","6":"product_cat-uj","7":"product_cat-celtavcso","8":"product_cat-schmidt-bender-celtavcso","9":"product_tag-celtavcso","10":"product_tag-schmidt-bender-klassik-8x56-vilagitopontos-hungarian-celtavcso","11":"product_tag-vadasz-felszereles","12":"product_tag-vadaszat","14":"first","15":"instock","16":"sale","17":"taxable","18":"shipping-taxable","19":"purchasable","20":"product-type-simple"},"_links":{"self":[{"href":"https:\/\/www.vadaszboltcsorna.hu\/index.php\/wp-json\/wp\/v2\/product\/1023","targetHints":{"allow":["GET"]}}],"collection":[{"href":"https:\/\/www.vadaszboltcsorna.hu\/index.php\/wp-json\/wp\/v2\/product"}],"about":[{"href":"https:\/\/www.vadaszboltcsorna.hu\/index.php\/wp-json\/wp\/v2\/types\/product"}],"replies":[{"embeddable":true,"href":"https:\/\/www.vadaszboltcsorna.hu\/index.php\/wp-json\/wp\/v2\/comments?post=1023"}],"wp:featuredmedia":[{"embeddable":true,"href":"https:\/\/www.vadaszboltcsorna.hu\/index.php\/wp-json\/wp\/v2\/media\/1024"}],"wp:attachment":[{"href":"https:\/\/www.vadaszboltcsorna.hu\/index.php\/wp-json\/wp\/v2\/media?parent=1023"}],"wp:term":[{"taxonomy":"product_brand","embeddable":true,"href":"https:\/\/www.vadaszboltcsorna.hu\/index.php\/wp-json\/wp\/v2\/product_brand?post=1023"},{"taxonomy":"product_cat","embeddable":true,"href":"https:\/\/www.vadaszboltcsorna.hu\/index.php\/wp-json\/wp\/v2\/product_cat?post=1023"},{"taxonomy":"product_tag","embeddable":true,"href":"https:\/\/www.vadaszboltcsorna.hu\/index.php\/wp-json\/wp\/v2\/product_tag?post=1023"}],"curies":[{"name":"wp","href":"https:\/\/api.w.org\/{rel}","templated":true}]}}