{"id":477,"date":"2021-04-23T09:05:10","date_gmt":"2021-04-23T09:05:10","guid":{"rendered":"http:\/\/www.vadaszboltcsorna.hu\/?page_id=477"},"modified":"2023-08-19T07:15:34","modified_gmt":"2023-08-19T07:15:34","slug":"blog","status":"publish","type":"page","link":"https:\/\/www.vadaszboltcsorna.hu\/index.php\/blog\/","title":{"rendered":"El\u00e9rhet\u0151s\u00e9geink"},"content":{"rendered":"<p>[<iframe loading=\"lazy\" style=\"border: 0;\" src=\"https:\/\/www.google.com\/maps\/embed?pb=!1m18!1m12!1m3!1d2689.820515271861!2d17.247709075119506!3d47.61017958773206!2m3!1f0!2f0!3f0!3m2!1i1024!2i768!4f13.1!3m3!1m2!1s0x476bf0df7f47c76d%3A0x59781908306850ec!2sCsorna%2C%20Arany%20J%C3%A1nos%20u.%208%2C%209300!5e0!3m2!1shu!2shu!4v1692428129823!5m2!1shu!2shu\" width=\"600\" height=\"450\" allowfullscreen=\"allowfullscreen\"><\/iframe><\/p>\n<p><strong>Hanyi Vad\u00e1szbolt<\/strong><br \/>\n9300 Csorna Arany J\u00e1nos utca 8.<\/p>\n<p><a href=\"mailto:info@magyarvadaszbolt.hu\">info@magyarvadaszbolt.hu<\/a><\/p>\n<p><strong>Nyitvatart\u00e1s: <\/strong><\/p>\n<p>H-P: 8:00 &#8211; 17:00<br \/>\nSzo : 8:00 &#8211; 12:00<\/p>\n<p>Tel:06 20\/400 7 382<\/p>\n<p><strong>Sz\u00e1llit\u00e1si dij<\/strong><br \/>\n30000 Ft alatt 2500 Ft.<br \/>\n30000Ft felett ingyenes.<\/p>\n<p>Fegyverekkel kapcsolatos k\u00e9rd\u00e9seket erre az email c\u00edmre k\u00fcldhetik kedves v\u00e1s\u00e1rl\u00f3ink: <a href=\"mailto:misihubertus@gmail.com\">misihubertus@gmail.com<\/a><\/p>\n<p>&nbsp;<\/p>\n","protected":false},"excerpt":{"rendered":"<p>[ Hanyi Vad\u00e1szbolt 9300 Csorna Arany J\u00e1nos utca 8. info@magyarvadaszbolt.hu Nyitvatart\u00e1s: H-P: 8:00 &#8211; 17:00 Szo : 8:00 &#8211; 12:00 Tel:06 20\/400 7 382 Sz\u00e1llit\u00e1si dij 30000 Ft alatt 2500 Ft. 30000Ft felett ingyenes. Fegyverekkel kapcsolatos k\u00e9rd\u00e9seket erre az email c\u00edmre k\u00fcldhetik kedves v\u00e1s\u00e1rl\u00f3ink: misihubertus@gmail.com &nbsp;<\/p>\n","protected":false},"author":2,"featured_media":0,"parent":0,"menu_order":0,"comment_status":"closed","ping_status":"closed","template":"","meta":{"_et_pb_use_builder":"off","_et_pb_old_content":"","_et_gb_content_width":"","om_disable_all_campaigns":false,"footnotes":""},"class_list":["post-477","page","type-page","status-publish","hentry"],"_links":{"self":[{"href":"https:\/\/www.vadaszboltcsorna.hu\/index.php\/wp-json\/wp\/v2\/pages\/477","targetHints":{"allow":["GET"]}}],"collection":[{"href":"https:\/\/www.vadaszboltcsorna.hu\/index.php\/wp-json\/wp\/v2\/pages"}],"about":[{"href":"https:\/\/www.vadaszboltcsorna.hu\/index.php\/wp-json\/wp\/v2\/types\/page"}],"author":[{"embeddable":true,"href":"https:\/\/www.vadaszboltcsorna.hu\/index.php\/wp-json\/wp\/v2\/users\/2"}],"replies":[{"embeddable":true,"href":"https:\/\/www.vadaszboltcsorna.hu\/index.php\/wp-json\/wp\/v2\/comments?post=477"}],"version-history":[{"count":23,"href":"https:\/\/www.vadaszboltcsorna.hu\/index.php\/wp-json\/wp\/v2\/pages\/477\/revisions"}],"predecessor-version":[{"id":4521,"href":"https:\/\/www.vadaszboltcsorna.hu\/index.php\/wp-json\/wp\/v2\/pages\/477\/revisions\/4521"}],"wp:attachment":[{"href":"https:\/\/www.vadaszboltcsorna.hu\/index.php\/wp-json\/wp\/v2\/media?parent=477"}],"curies":[{"name":"wp","href":"https:\/\/api.w.org\/{rel}","templated":true}]}}