{"id":2231,"date":"2022-02-17T13:40:19","date_gmt":"2022-02-17T13:40:19","guid":{"rendered":"https:\/\/www.vadaszboltcsorna.hu\/?page_id=2231"},"modified":"2023-08-19T08:33:12","modified_gmt":"2023-08-19T08:33:12","slug":"vasarlasi_utalvany","status":"publish","type":"page","link":"https:\/\/www.vadaszboltcsorna.hu\/index.php\/vasarlasi_utalvany\/","title":{"rendered":"V\u00e1s\u00e1rl\u00e1si utalv\u00e1ny"},"content":{"rendered":"<p>[et_pb_section fb_built=&#8221;1&#8243; admin_label=&#8221;section&#8221; _builder_version=&#8221;4.16&#8243; global_colors_info=&#8221;{}&#8221;][et_pb_row admin_label=&#8221;row&#8221; _builder_version=&#8221;4.16&#8243; background_size=&#8221;initial&#8221; background_position=&#8221;top_left&#8221; background_repeat=&#8221;repeat&#8221; global_colors_info=&#8221;{}&#8221;][et_pb_column type=&#8221;4_4&#8243; _builder_version=&#8221;4.16&#8243; custom_padding=&#8221;|||&#8221; global_colors_info=&#8221;{}&#8221; custom_padding__hover=&#8221;|||&#8221;][et_pb_image src=&#8221;https:\/\/www.vadaszboltcsorna.hu\/wp-content\/uploads\/2022\/02\/2023_08_19-9_19-Office-Lens-3-e1692430368559.jpg&#8221; title_text=&#8221;2023_08_19 9_19 Office Lens&#8221; _builder_version=&#8221;4.17.4&#8243; _module_preset=&#8221;default&#8221; global_colors_info=&#8221;{}&#8221;][\/et_pb_image][et_pb_button _builder_version=&#8221;4.17.4&#8243; _module_preset=&#8221;default&#8221; button_url=&#8221;https:\/\/www.vadaszboltcsorna.hu\/?s=utalv%C3%A1ny&#8221; hover_enabled=&#8221;0&#8243; sticky_enabled=&#8221;0&#8243; button_text=&#8221;V\u00e1s\u00e1rolok!&#8221;][\/et_pb_button][et_pb_text _builder_version=&#8221;4.17.4&#8243; _module_preset=&#8221;default&#8221; global_colors_info=&#8221;{}&#8221;]<\/p>\n<p>\ud83c\udf3f Fedezd fel az \u00c9lm\u00e9nyek Vil\u00e1g\u00e1t a Vad\u00e1szbolt V\u00e1s\u00e1rl\u00e1si Utalv\u00e1ny\u00e1val! \ud83c\udf33<\/p>\n<p>Rajong\u00f3k figyelem! Mostant\u00f3l a vad\u00e1szat ir\u00e1nti szenved\u00e9lyed m\u00e9g gazdagabb\u00e1 \u00e9s izgalmasabb\u00e1 v\u00e1lik. Elhoztuk neked a lehet\u0151s\u00e9get, hogy olyan felszerel\u00e9seket \u00e9s term\u00e9keket szerezz be, amelyek m\u00e9g jobban elm\u00e9ly\u00edtik a vad\u00e1szat \u00e9lm\u00e9ny\u00e9t.<\/p>\n<p>\ud83e\udd8c Az Igazi Vad\u00e1szok Tudj\u00e1k, Mit Akarnak Nem el\u00e9gszel meg a kompromisszumokkal, amikor a vad\u00e1szfelszerel\u00e9sekr\u0151l van sz\u00f3, ugye? Az utalv\u00e1nyunkkal most lehet\u0151s\u00e9ged ny\u00edlik a legkiv\u00e1l\u00f3bb min\u0151s\u00e9g\u0171 term\u00e9kekre, amelyekre mindig is v\u00e1gyt\u00e1l. Legyen sz\u00f3 kifinomult puskaoptik\u00e1kr\u00f3l, strapab\u00edr\u00f3 ruh\u00e1zatr\u00f3l vagy olyan tartoz\u00e9kokr\u00f3l, amelyek a vad\u00e1szatodat egyed\u00fcl\u00e1ll\u00f3v\u00e1 teszik \u2013 n\u00e1lunk mindent megtal\u00e1lsz.<\/p>\n<p>\ud83c\udf32 V\u00e1s\u00e1rl\u00e1si Utalv\u00e1nyunk, Amely Mindig \u00d6r\u00f6met Szerez Legyen sz\u00f3 \u00e9vfordul\u00f3r\u00f3l, sz\u00fclet\u00e9snapr\u00f3l vagy csak egy kis meglepet\u00e9sr\u0151l az akt\u00edv vad\u00e1sz \u00e9letm\u00f3d ir\u00e1nt \u00e9rdekl\u0151d\u0151knek, az utalv\u00e1nyunk t\u00f6k\u00e9letes v\u00e1laszt\u00e1s. Egy vad\u00e1szbolti k\u00f6rutaz\u00e1sra invit\u00e1ljuk a szeretteidet, ahol szabadon v\u00e1logathatnak az olyan cs\u00facsmin\u0151s\u00e9g\u0171 m\u00e1rk\u00e1kb\u00f3l, mint a Browning, Remington, vagy Leupold.<\/p>\n<p>\ud83e\udd89 Hogyan Juthatsz Hozz\u00e1 Az Utalv\u00e1nyhoz? Az utalv\u00e1ny beszerz\u00e9se egyszer\u0171 \u00e9s k\u00e9nyelmes. L\u00e1togass el \u00fczlet\u00fcnkbe, vagy b\u00f6ng\u00e9ssz a weboldalunkon, \u00e9s v\u00e1laszd ki a neked vagy m\u00e1soknak sz\u00e1nt \u00f6sszeget. Az utalv\u00e1nyt sz\u00e9pen d\u00edsz\u00edtett csomagol\u00e1sban adjuk \u00e1t, hogy az aj\u00e1nd\u00e9k val\u00f3ban felejthetetlen pillanatt\u00e1 v\u00e1ljon.<\/p>\n<p>Ne hagyd, hogy a vad\u00e1szat \u00e9lm\u00e9nye csak \u00e1lom maradjon! V\u00e1s\u00e1rolj most egy utalv\u00e1nyt, \u00e9s l\u00e9pj be a vad\u00e1szok exkluz\u00edv vil\u00e1g\u00e1ba!<\/p>\n<p>\ud83c\udf04 Vad\u00e1szat: T\u00f6bb mint Hobbi, Ez \u00c9let\u00e9rz\u00e9s! \ud83c\udf3e<\/p>\n<p>[\/et_pb_text][\/et_pb_column][\/et_pb_row][\/et_pb_section]<\/p>\n","protected":false},"excerpt":{"rendered":"<p>\ud83c\udf3f Fedezd fel az \u00c9lm\u00e9nyek Vil\u00e1g\u00e1t a Vad\u00e1szbolt V\u00e1s\u00e1rl\u00e1si Utalv\u00e1ny\u00e1val! \ud83c\udf33 Rajong\u00f3k figyelem! Mostant\u00f3l a vad\u00e1szat ir\u00e1nti szenved\u00e9lyed m\u00e9g gazdagabb\u00e1 \u00e9s izgalmasabb\u00e1 v\u00e1lik. Elhoztuk neked a lehet\u0151s\u00e9get, hogy olyan felszerel\u00e9seket \u00e9s term\u00e9keket szerezz be, amelyek m\u00e9g jobban elm\u00e9ly\u00edtik a vad\u00e1szat \u00e9lm\u00e9ny\u00e9t. \ud83e\udd8c Az Igazi Vad\u00e1szok Tudj\u00e1k, Mit Akarnak Nem el\u00e9gszel meg a kompromisszumokkal, amikor a [&hellip;]<\/p>\n","protected":false},"author":2,"featured_media":0,"parent":0,"menu_order":0,"comment_status":"closed","ping_status":"closed","template":"","meta":{"_et_pb_use_builder":"on","_et_pb_old_content":"","_et_gb_content_width":"","om_disable_all_campaigns":false,"footnotes":""},"class_list":["post-2231","page","type-page","status-publish","hentry"],"_links":{"self":[{"href":"https:\/\/www.vadaszboltcsorna.hu\/index.php\/wp-json\/wp\/v2\/pages\/2231","targetHints":{"allow":["GET"]}}],"collection":[{"href":"https:\/\/www.vadaszboltcsorna.hu\/index.php\/wp-json\/wp\/v2\/pages"}],"about":[{"href":"https:\/\/www.vadaszboltcsorna.hu\/index.php\/wp-json\/wp\/v2\/types\/page"}],"author":[{"embeddable":true,"href":"https:\/\/www.vadaszboltcsorna.hu\/index.php\/wp-json\/wp\/v2\/users\/2"}],"replies":[{"embeddable":true,"href":"https:\/\/www.vadaszboltcsorna.hu\/index.php\/wp-json\/wp\/v2\/comments?post=2231"}],"version-history":[{"count":13,"href":"https:\/\/www.vadaszboltcsorna.hu\/index.php\/wp-json\/wp\/v2\/pages\/2231\/revisions"}],"predecessor-version":[{"id":4547,"href":"https:\/\/www.vadaszboltcsorna.hu\/index.php\/wp-json\/wp\/v2\/pages\/2231\/revisions\/4547"}],"wp:attachment":[{"href":"https:\/\/www.vadaszboltcsorna.hu\/index.php\/wp-json\/wp\/v2\/media?parent=2231"}],"curies":[{"name":"wp","href":"https:\/\/api.w.org\/{rel}","templated":true}]}}