{"id":2109,"date":"2022-02-17T12:26:36","date_gmt":"2022-02-17T12:26:36","guid":{"rendered":"https:\/\/www.vadaszboltcsorna.hu\/?page_id=2109"},"modified":"2023-04-10T18:04:31","modified_gmt":"2023-04-10T18:04:31","slug":"hokamera","status":"publish","type":"page","link":"https:\/\/www.vadaszboltcsorna.hu\/index.php\/hokamera\/","title":{"rendered":"H\u0151kamera"},"content":{"rendered":"<p>[et_pb_section fb_built=&#8221;1&#8243; _builder_version=&#8221;4.16&#8243; _module_preset=&#8221;default&#8221; use_background_color_gradient=&#8221;on&#8221; background_color_gradient_type=&#8221;circular&#8221; background_color_gradient_stops=&#8221;#ffffff 0%|#b3b3b3 100%&#8221; background_color_gradient_start=&#8221;#ffffff&#8221; background_color_gradient_end=&#8221;#b3b3b3&#8243; global_colors_info=&#8221;{}&#8221;][et_pb_row _builder_version=&#8221;4.16&#8243; _module_preset=&#8221;default&#8221; global_colors_info=&#8221;{}&#8221;][et_pb_column type=&#8221;4_4&#8243; _builder_version=&#8221;4.16&#8243; _module_preset=&#8221;default&#8221; global_colors_info=&#8221;{}&#8221;][et_pb_divider show_divider=&#8221;off&#8221; _builder_version=&#8221;4.16&#8243; _module_preset=&#8221;default&#8221; min_height=&#8221;100px&#8221; global_colors_info=&#8221;{}&#8221;][\/et_pb_divider][et_pb_text admin_label=&#8221;Service Name&#8221; _builder_version=&#8221;4.16&#8243; text_font=&#8221;Montserrat||||||||&#8221; text_font_size=&#8221;15px&#8221; text_line_height=&#8221;1.8em&#8221; header_font=&#8221;Lora|600|||||||&#8221; header_text_align=&#8221;left&#8221; header_font_size=&#8221;45px&#8221; header_3_font=&#8221;Montserrat||||||||&#8221; header_3_line_height=&#8221;1.5em&#8221; custom_margin=&#8221;-10px||||false|false&#8221; custom_padding=&#8221;|20px||20px|false|false&#8221; animation_style=&#8221;fade&#8221; animation_direction=&#8221;right&#8221; header_font_size_tablet=&#8221;&#8221; header_font_size_phone=&#8221;35px&#8221; header_font_size_last_edited=&#8221;on|desktop&#8221; z_index_tablet=&#8221;500&#8243; text_text_shadow_horizontal_length_tablet=&#8221;0px&#8221; text_text_shadow_vertical_length_tablet=&#8221;0px&#8221; text_text_shadow_blur_strength_tablet=&#8221;1px&#8221; link_text_shadow_horizontal_length_tablet=&#8221;0px&#8221; link_text_shadow_vertical_length_tablet=&#8221;0px&#8221; link_text_shadow_blur_strength_tablet=&#8221;1px&#8221; ul_text_shadow_horizontal_length_tablet=&#8221;0px&#8221; ul_text_shadow_vertical_length_tablet=&#8221;0px&#8221; ul_text_shadow_blur_strength_tablet=&#8221;1px&#8221; ol_text_shadow_horizontal_length_tablet=&#8221;0px&#8221; ol_text_shadow_vertical_length_tablet=&#8221;0px&#8221; ol_text_shadow_blur_strength_tablet=&#8221;1px&#8221; quote_text_shadow_horizontal_length_tablet=&#8221;0px&#8221; quote_text_shadow_vertical_length_tablet=&#8221;0px&#8221; quote_text_shadow_blur_strength_tablet=&#8221;1px&#8221; header_text_shadow_style=&#8221;preset1&#8243; header_text_shadow_horizontal_length_tablet=&#8221;0px&#8221; header_text_shadow_vertical_length_tablet=&#8221;0px&#8221; header_text_shadow_blur_strength_tablet=&#8221;1px&#8221; header_2_text_shadow_horizontal_length_tablet=&#8221;0px&#8221; header_2_text_shadow_vertical_length_tablet=&#8221;0px&#8221; header_2_text_shadow_blur_strength_tablet=&#8221;1px&#8221; header_3_text_shadow_horizontal_length_tablet=&#8221;0px&#8221; header_3_text_shadow_vertical_length_tablet=&#8221;0px&#8221; header_3_text_shadow_blur_strength_tablet=&#8221;1px&#8221; header_4_text_shadow_horizontal_length_tablet=&#8221;0px&#8221; header_4_text_shadow_vertical_length_tablet=&#8221;0px&#8221; header_4_text_shadow_blur_strength_tablet=&#8221;1px&#8221; header_5_text_shadow_horizontal_length_tablet=&#8221;0px&#8221; header_5_text_shadow_vertical_length_tablet=&#8221;0px&#8221; header_5_text_shadow_blur_strength_tablet=&#8221;1px&#8221; header_6_text_shadow_horizontal_length_tablet=&#8221;0px&#8221; header_6_text_shadow_vertical_length_tablet=&#8221;0px&#8221; header_6_text_shadow_blur_strength_tablet=&#8221;1px&#8221; box_shadow_horizontal_tablet=&#8221;0px&#8221; box_shadow_vertical_tablet=&#8221;0px&#8221; box_shadow_blur_tablet=&#8221;40px&#8221; box_shadow_spread_tablet=&#8221;0px&#8221; locked=&#8221;off&#8221; global_colors_info=&#8221;{}&#8221;]<\/p>\n<h1 style=\"text-align: left;\">H\u0151kamera<\/h1>\n<p>[\/et_pb_text][et_pb_divider show_divider=&#8221;off&#8221; _builder_version=&#8221;4.16&#8243; _module_preset=&#8221;default&#8221; min_height=&#8221;100px&#8221; global_colors_info=&#8221;{}&#8221;][\/et_pb_divider][\/et_pb_column][\/et_pb_row][\/et_pb_section][et_pb_section fb_built=&#8221;1&#8243; admin_label=&#8221;Blog Section&#8221; _builder_version=&#8221;4.16&#8243; background_enable_color=&#8221;off&#8221; custom_padding=&#8221;80px||120px||false|false&#8221; global_colors_info=&#8221;{}&#8221;][et_pb_row admin_label=&#8221;Blog Row&#8221; _builder_version=&#8221;4.16&#8243; global_colors_info=&#8221;{}&#8221;][et_pb_column type=&#8221;4_4&#8243; _builder_version=&#8221;4.16&#8243; custom_padding=&#8221;|||&#8221; global_colors_info=&#8221;{}&#8221; custom_padding__hover=&#8221;|||&#8221;][et_pb_shop type=&#8221;product_category&#8221; posts_number=&#8221;25&#8243; show_pagination=&#8221;on&#8221; include_categories=&#8221;447,526&#8243; _builder_version=&#8221;4.16&#8243; global_colors_info=&#8221;{}&#8221;]<br \/>\n[\/et_pb_shop][\/et_pb_column][\/et_pb_row][et_pb_row _builder_version=&#8221;4.17.4&#8243; _module_preset=&#8221;default&#8221; global_colors_info=&#8221;{}&#8221;][et_pb_column type=&#8221;4_4&#8243; _builder_version=&#8221;4.17.4&#8243; _module_preset=&#8221;default&#8221; global_colors_info=&#8221;{}&#8221;][et_pb_text _builder_version=&#8221;4.17.4&#8243; _module_preset=&#8221;default&#8221; hover_enabled=&#8221;0&#8243; global_colors_info=&#8221;{}&#8221; sticky_enabled=&#8221;0&#8243;]<\/p>\n<div class=\"group w-full text-gray-800 dark:text-gray-100 border-b border-black\/10 dark:border-gray-900\/50 bg-gray-50 dark:bg-[#444654]\">\n<div class=\"text-base gap-4 md:gap-6 md:max-w-2xl lg:max-w-xl xl:max-w-3xl p-4 md:py-6 flex lg:px-0 m-auto\">\n<div class=\"relative flex w-[calc(100%-50px)] flex-col gap-1 md:gap-3 lg:w-[calc(100%-115px)]\">\n<div class=\"flex flex-grow flex-col gap-3\">\n<div class=\"min-h-[20px] flex flex-col items-start gap-4 whitespace-pre-wrap\">\n<div class=\"markdown prose w-full break-words dark:prose-invert light\">\n<h2>H\u0151kamera \u00e1ltal\u00e1noss\u00e1gban<\/h2>\n<p>A h\u0151kamera olyan eszk\u00f6z, amely k\u00e9pes felismerni \u00e9s megjelen\u00edteni az infrav\u00f6r\u00f6s sug\u00e1rz\u00e1st kibocs\u00e1t\u00f3 testek h\u0151m\u00e9rs\u00e9klet\u00e9t. Az infrav\u00f6r\u00f6s sug\u00e1rz\u00e1s nem l\u00e1that\u00f3 a szabad szemmel, de a h\u0151kamera \u00e9rz\u00e9kel\u0151je \u00e9rz\u00e9keny erre a sug\u00e1rz\u00e1sra, \u00e9s a k\u00e9sz\u00fcl\u00e9k k\u00e9pet hoz l\u00e9tre az \u00e9szlelt h\u0151forr\u00e1sokr\u00f3l.<\/p>\n<p>A h\u0151kamer\u00e1k sok k\u00fcl\u00f6nb\u00f6z\u0151 ter\u00fcleten hasznosak lehetnek, p\u00e9ld\u00e1ul az \u00e9p\u00edt\u0151iparban, az elektromos \u00e9s mechanikus rendszerek karbantart\u00e1s\u00e1ban, a k\u00f6rnyezetv\u00e9delemben \u00e9s az erd\u00e9szeti tev\u00e9kenys\u00e9gekben. Az \u00e9p\u00edt\u0151iparban p\u00e9ld\u00e1ul lehet\u0151s\u00e9g van a h\u0151vesztes\u00e9gek, a szigetel\u00e9s hi\u00e1nyoss\u00e1gainak, a sziv\u00e1rg\u00e1sok \u00e9s a nedvess\u00e9gforr\u00e1sok azonos\u00edt\u00e1s\u00e1ra, az elektromos \u00e9s mechanikus rendszerek karbantart\u00e1s\u00e1ban pedig a t\u00falmeleged\u00e9s vagy az alacsony h\u0151m\u00e9rs\u00e9klet okozta hib\u00e1k felt\u00e1r\u00e1s\u00e1ra.<\/p>\n<p>A h\u0151kamer\u00e1k k\u00fcl\u00f6nb\u00f6z\u0151 m\u00e9ret\u0171ek \u00e9s min\u0151s\u00e9g\u0171ek lehetnek, a nagyobb felbont\u00e1s\u00fa \u00e9s \u00e9rz\u00e9kenyebb \u00e9rz\u00e9kel\u0151k azonban \u00e1ltal\u00e1ban dr\u00e1g\u00e1bbak. A h\u0151kamer\u00e1k haszn\u00e1lata azonban egyre elterjedtebb \u00e9s megfizethet\u0151bb, \u00edgy sz\u00e1mos k\u00fcl\u00f6nb\u00f6z\u0151 \u00e1rkateg\u00f3ri\u00e1ban el\u00e9rhet\u0151ek.<\/p>\n<\/div>\n<p>A vad\u00e1szati c\u00e9lra t\u00f6rt\u00e9n\u0151 h\u0151kamera haszn\u00e1lat a vad\u00e1szok \u00e9s az erd\u00e9szeti tisztvisel\u0151k sz\u00e1m\u00e1ra lehet\u0151v\u00e9 teszi, hogy hat\u00e9konyabban azonos\u00edts\u00e1k \u00e9s k\u00f6vess\u00e9k a vadat, k\u00fcl\u00f6n\u00f6sen olyan helyzetekben, amikor a vadat neh\u00e9z megtal\u00e1lni a s\u00f6t\u00e9tben vagy az erd\u0151 m\u00e9ly\u00e9n.<\/p>\n<p>A vad\u00e1szati h\u0151kamer\u00e1knak k\u00e9t f\u0151 t\u00edpusa van: a k\u00e9zi \u00e9s a felszerelt kamera. A k\u00e9zi kamer\u00e1k k\u00f6nnyen hordozhat\u00f3ak, \u00e9s \u00e1ltal\u00e1ban akkumul\u00e1torr\u00f3l m\u0171k\u00f6dnek, \u00edgy k\u00f6nnyen haszn\u00e1lhat\u00f3ak a vad\u00e1szat sor\u00e1n. A felszerelt kamer\u00e1k \u00e1ltal\u00e1ban az aut\u00f3kra vagy a fegyverekre vannak felszerelve, \u00e9s lehet\u0151v\u00e9 teszik a vad\u00e1szok sz\u00e1m\u00e1ra, hogy pontosan meghat\u00e1rozz\u00e1k a vadat, miel\u0151tt megl\u0151n\u00e9k.<\/p>\n<p>A vad\u00e1szati h\u0151kamer\u00e1k \u00e9rz\u00e9kel\u0151i nagyon \u00e9rz\u00e9kenyek az infrav\u00f6r\u00f6s sug\u00e1rz\u00e1sra, \u00e9s nagyobb \u00e9rz\u00e9kenys\u00e9get \u00e9s felbont\u00e1st biztos\u00edtanak, mint az \u00e1ltal\u00e1nos felhaszn\u00e1l\u00e1sra sz\u00e1nt kamer\u00e1k. A vad\u00e1szok a h\u0151kamer\u00e1kat \u00e1ltal\u00e1ban a vad nyomait, a vad mozg\u00e1s\u00e1t, a vadvil\u00e1g s\u0171r\u0171s\u00e9g\u00e9t \u00e9s a vad \u00e9jszakai szok\u00e1sait figyelik, hogy seg\u00edtsenek nekik sikeresen vad\u00e1szni.<\/p>\n<p>Fontos azonban megeml\u00edteni, hogy a h\u0151kamer\u00e1k haszn\u00e1lata vad\u00e1szati c\u00e9lokra egyes orsz\u00e1gokban \u00e9s \u00e1llamokban szab\u00e1lyozott, \u00e9s tilos lehet bizonyos \u00e1llatfajokra vad\u00e1szni. Ez\u00e9rt fontos, hogy minden vad\u00e1sz betartsa a helyi t\u00f6rv\u00e9nyeket \u00e9s el\u0151\u00edr\u00e1sokat, \u00e9s felel\u0151sen haszn\u00e1lja a h\u0151kamer\u00e1t a vad\u00e1szat sor\u00e1n.<\/p>\n<\/div>\n<div class=\"markdown prose w-full break-words dark:prose-invert light\">h\u0151kamera c\u00e9lt\u00e1vcs\u0151 | h\u0151kamera keres\u0151 term\u00e9kek | pulsar | akci\u00f3k | rakt\u00e1ron | gy\u00e1rt\u00f3 | term\u00e9k | \u00e9jjell\u00e1t\u00f3\u00a0<\/div>\n<\/div>\n<div class=\"flex justify-between lg:block\">\n<div class=\"text-gray-400 flex self-end lg:self-center justify-center mt-2 gap-2 md:gap-3 lg:gap-1 lg:absolute lg:top-0 lg:translate-x-full lg:right-0 lg:mt-0 lg:pl-2 visible\">\u00a0<\/div>\n<\/div>\n<\/div>\n<\/div>\n<\/div>\n<p>[\/et_pb_text][\/et_pb_column][\/et_pb_row][et_pb_row column_structure=&#8221;1_3,1_3,1_3&#8243; _builder_version=&#8221;4.16&#8243; _module_preset=&#8221;default&#8221; global_colors_info=&#8221;{}&#8221;][et_pb_column type=&#8221;1_3&#8243; _builder_version=&#8221;4.16&#8243; _module_preset=&#8221;default&#8221; global_colors_info=&#8221;{}&#8221;][et_pb_button button_url=&#8221;https:\/\/www.vadaszboltcsorna.hu\/index.php\/tavcso-optika\/&#8221; button_text=&#8221;Vissza az optik\u00e1khoz&#8221; button_alignment=&#8221;left&#8221; _builder_version=&#8221;4.16&#8243; custom_button=&#8221;on&#8221; button_text_size=&#8221;14px&#8221; button_text_color=&#8221;#ffffff&#8221; button_bg_color=&#8221;#d29f68&#8243; button_border_width=&#8221;15px&#8221; button_border_color=&#8221;rgba(210,159,104,0)&#8221; button_border_radius=&#8221;100px&#8221; button_letter_spacing=&#8221;3px&#8221; button_font=&#8221;Oswald|||on|||||&#8221; button_use_icon=&#8221;off&#8221; z_index_tablet=&#8221;500&#8243; button_text_shadow_horizontal_length_tablet=&#8221;0px&#8221; button_text_shadow_vertical_length_tablet=&#8221;0px&#8221; button_text_shadow_blur_strength_tablet=&#8221;1px&#8221; box_shadow_style=&#8221;preset2&#8243; box_shadow_horizontal_tablet=&#8221;0px&#8221; box_shadow_vertical_tablet=&#8221;0px&#8221; box_shadow_blur_tablet=&#8221;40px&#8221; box_shadow_spread_tablet=&#8221;0px&#8221; button_border_radius_hover=&#8221;100px&#8221; button_bg_color_hover=&#8221;#cc8d66&#8243; global_colors_info=&#8221;{}&#8221; button_text_size__hover_enabled=&#8221;off&#8221; button_one_text_size__hover_enabled=&#8221;off&#8221; button_two_text_size__hover_enabled=&#8221;off&#8221; button_text_color__hover_enabled=&#8221;off&#8221; button_one_text_color__hover_enabled=&#8221;off&#8221; button_two_text_color__hover_enabled=&#8221;off&#8221; button_border_width__hover_enabled=&#8221;off&#8221; button_one_border_width__hover_enabled=&#8221;off&#8221; button_two_border_width__hover_enabled=&#8221;off&#8221; button_border_color__hover_enabled=&#8221;off&#8221; button_one_border_color__hover_enabled=&#8221;off&#8221; button_two_border_color__hover_enabled=&#8221;off&#8221; button_border_radius__hover_enabled=&#8221;on&#8221; button_border_radius__hover=&#8221;100px&#8221; button_one_border_radius__hover_enabled=&#8221;off&#8221; button_two_border_radius__hover_enabled=&#8221;off&#8221; button_letter_spacing__hover_enabled=&#8221;off&#8221; button_one_letter_spacing__hover_enabled=&#8221;off&#8221; button_two_letter_spacing__hover_enabled=&#8221;off&#8221; button_bg_color__hover_enabled=&#8221;on&#8221; button_bg_color__hover=&#8221;#cc8d66&#8243; button_one_bg_color__hover_enabled=&#8221;off&#8221; button_two_bg_color__hover_enabled=&#8221;off&#8221;][\/et_pb_button][\/et_pb_column][et_pb_column type=&#8221;1_3&#8243; _builder_version=&#8221;4.16&#8243; _module_preset=&#8221;default&#8221; global_colors_info=&#8221;{}&#8221;][\/et_pb_column][et_pb_column type=&#8221;1_3&#8243; _builder_version=&#8221;4.16&#8243; _module_preset=&#8221;default&#8221; global_colors_info=&#8221;{}&#8221;][\/et_pb_column][\/et_pb_row][\/et_pb_section]<\/p>\n","protected":false},"excerpt":{"rendered":"<p>H\u0151kamera H\u0151kamera \u00e1ltal\u00e1noss\u00e1gban A h\u0151kamera olyan eszk\u00f6z, amely k\u00e9pes felismerni \u00e9s megjelen\u00edteni az infrav\u00f6r\u00f6s sug\u00e1rz\u00e1st kibocs\u00e1t\u00f3 testek h\u0151m\u00e9rs\u00e9klet\u00e9t. Az infrav\u00f6r\u00f6s sug\u00e1rz\u00e1s nem l\u00e1that\u00f3 a szabad szemmel, de a h\u0151kamera \u00e9rz\u00e9kel\u0151je \u00e9rz\u00e9keny erre a sug\u00e1rz\u00e1sra, \u00e9s a k\u00e9sz\u00fcl\u00e9k k\u00e9pet hoz l\u00e9tre az \u00e9szlelt h\u0151forr\u00e1sokr\u00f3l. A h\u0151kamer\u00e1k sok k\u00fcl\u00f6nb\u00f6z\u0151 ter\u00fcleten hasznosak lehetnek, p\u00e9ld\u00e1ul az \u00e9p\u00edt\u0151iparban, az elektromos [&hellip;]<\/p>\n","protected":false},"author":2,"featured_media":0,"parent":0,"menu_order":0,"comment_status":"closed","ping_status":"closed","template":"","meta":{"_et_pb_use_builder":"on","_et_pb_old_content":"","_et_gb_content_width":"","om_disable_all_campaigns":false,"footnotes":""},"class_list":["post-2109","page","type-page","status-publish","hentry"],"_links":{"self":[{"href":"https:\/\/www.vadaszboltcsorna.hu\/index.php\/wp-json\/wp\/v2\/pages\/2109","targetHints":{"allow":["GET"]}}],"collection":[{"href":"https:\/\/www.vadaszboltcsorna.hu\/index.php\/wp-json\/wp\/v2\/pages"}],"about":[{"href":"https:\/\/www.vadaszboltcsorna.hu\/index.php\/wp-json\/wp\/v2\/types\/page"}],"author":[{"embeddable":true,"href":"https:\/\/www.vadaszboltcsorna.hu\/index.php\/wp-json\/wp\/v2\/users\/2"}],"replies":[{"embeddable":true,"href":"https:\/\/www.vadaszboltcsorna.hu\/index.php\/wp-json\/wp\/v2\/comments?post=2109"}],"version-history":[{"count":7,"href":"https:\/\/www.vadaszboltcsorna.hu\/index.php\/wp-json\/wp\/v2\/pages\/2109\/revisions"}],"predecessor-version":[{"id":4106,"href":"https:\/\/www.vadaszboltcsorna.hu\/index.php\/wp-json\/wp\/v2\/pages\/2109\/revisions\/4106"}],"wp:attachment":[{"href":"https:\/\/www.vadaszboltcsorna.hu\/index.php\/wp-json\/wp\/v2\/media?parent=2109"}],"curies":[{"name":"wp","href":"https:\/\/api.w.org\/{rel}","templated":true}]}}