{"id":2009,"date":"2022-02-13T14:48:49","date_gmt":"2022-02-13T14:48:49","guid":{"rendered":"https:\/\/www.vadaszboltcsorna.hu\/?page_id=2009"},"modified":"2022-02-13T17:57:26","modified_gmt":"2022-02-13T17:57:26","slug":"koszonooldal-a-felugro-ablakhoz","status":"publish","type":"page","link":"https:\/\/www.vadaszboltcsorna.hu\/index.php\/koszonooldal-a-felugro-ablakhoz\/","title":{"rendered":"K\u00f6sz\u00f6n\u0151oldal a felugr\u00f3 ablakhoz"},"content":{"rendered":"<p>[et_pb_section fb_built=&#8221;1&#8243; _builder_version=&#8221;4.11.0&#8243; _module_preset=&#8221;default&#8221; global_colors_info=&#8221;{}&#8221;][et_pb_row _builder_version=&#8221;4.11.0&#8243; _module_preset=&#8221;default&#8221; global_colors_info=&#8221;{}&#8221;][et_pb_column type=&#8221;4_4&#8243; _builder_version=&#8221;4.11.0&#8243; _module_preset=&#8221;default&#8221; global_colors_info=&#8221;{}&#8221;][et_pb_code _builder_version=&#8221;4.11.0&#8243; _module_preset=&#8221;default&#8221; hover_enabled=&#8221;0&#8243; global_colors_info=&#8221;{}&#8221; sticky_enabled=&#8221;0&#8243;]<iframe loading=\"lazy\" width=\"100%\" height=\"500\" id=\"momoform\" src=\"https:\/\/app.momocrm.hu\/form\/2c8e5a183f0beaeaabc7249f37168db4bb4e1dcb4af206f9ad48479740582e56\" frameborder=\"0\"><\/iframe><!-- [et_pb_line_break_holder] --><!-- [et_pb_line_break_holder] --> <script><!-- [et_pb_line_break_holder] --> function kitolt(){<!-- [et_pb_line_break_holder] --><!-- [et_pb_line_break_holder] -->const queryString = window.location.search;<!-- [et_pb_line_break_holder] -->const urlParams = new URLSearchParams(queryString);<!-- [et_pb_line_break_holder] -->   var nev= urlParams.get('om_name');<!-- [et_pb_line_break_holder] -->   if(nev.split(\" \").length>1){<!-- [et_pb_line_break_holder] -->nev = nev.split(\" \")[nev.split(\" \").length-1];<!-- [et_pb_line_break_holder] -->}<!-- [et_pb_line_break_holder] -->var emailcim = urlParams.get('om_email');<!-- [et_pb_line_break_holder] -->console.log(emailcim);<!-- [et_pb_line_break_holder] -->jQuery(\"#momoform\").attr(\"src\",\"https:\/\/app.momocrm.hu\/form\/2c8e5a183f0beaeaabc7249f37168db4bb4e1dcb4af206f9ad48479740582e56?contactFName=\"+nev+\"&contactEmail=\"+emailcim+\"&send=1\");<!-- [et_pb_line_break_holder] -->  \/\/window.location.href = \"https:\/\/www.vadaszboltcsorna.hu\/\";<!-- [et_pb_line_break_holder] -->}<!-- [et_pb_line_break_holder] --><!-- [et_pb_line_break_holder] -->jQuery(function(){<!-- [et_pb_line_break_holder] -->kitolt();<!-- [et_pb_line_break_holder] -->})<!-- [et_pb_line_break_holder] --><!-- [et_pb_line_break_holder] --><\/script>[\/et_pb_code][et_pb_text _builder_version=&#8221;4.11.0&#8243; _module_preset=&#8221;default&#8221; global_colors_info=&#8221;{}&#8221;]<\/p>\n<p>K\u00f6sz\u00f6nj\u00fck a megkeres\u00e9s\u00e9t, hamarosan jelentkez\u00fcnk.<\/p>\n<p>[\/et_pb_text][\/et_pb_column][\/et_pb_row][\/et_pb_section]<\/p>\n","protected":false},"excerpt":{"rendered":"<p>K\u00f6sz\u00f6nj\u00fck a megkeres\u00e9s\u00e9t, hamarosan jelentkez\u00fcnk.<\/p>\n","protected":false},"author":4,"featured_media":0,"parent":0,"menu_order":0,"comment_status":"closed","ping_status":"closed","template":"","meta":{"_et_pb_use_builder":"on","_et_pb_old_content":"","_et_gb_content_width":"","om_disable_all_campaigns":false,"footnotes":""},"class_list":["post-2009","page","type-page","status-publish","hentry"],"_links":{"self":[{"href":"https:\/\/www.vadaszboltcsorna.hu\/index.php\/wp-json\/wp\/v2\/pages\/2009","targetHints":{"allow":["GET"]}}],"collection":[{"href":"https:\/\/www.vadaszboltcsorna.hu\/index.php\/wp-json\/wp\/v2\/pages"}],"about":[{"href":"https:\/\/www.vadaszboltcsorna.hu\/index.php\/wp-json\/wp\/v2\/types\/page"}],"author":[{"embeddable":true,"href":"https:\/\/www.vadaszboltcsorna.hu\/index.php\/wp-json\/wp\/v2\/users\/4"}],"replies":[{"embeddable":true,"href":"https:\/\/www.vadaszboltcsorna.hu\/index.php\/wp-json\/wp\/v2\/comments?post=2009"}],"version-history":[{"count":8,"href":"https:\/\/www.vadaszboltcsorna.hu\/index.php\/wp-json\/wp\/v2\/pages\/2009\/revisions"}],"predecessor-version":[{"id":2042,"href":"https:\/\/www.vadaszboltcsorna.hu\/index.php\/wp-json\/wp\/v2\/pages\/2009\/revisions\/2042"}],"wp:attachment":[{"href":"https:\/\/www.vadaszboltcsorna.hu\/index.php\/wp-json\/wp\/v2\/media?parent=2009"}],"curies":[{"name":"wp","href":"https:\/\/api.w.org\/{rel}","templated":true}]}}