{"id":1305,"date":"2021-07-19T13:52:37","date_gmt":"2021-07-19T13:52:37","guid":{"rendered":"https:\/\/www.vadaszboltcsorna.hu\/?page_id=1305"},"modified":"2023-04-10T18:22:34","modified_gmt":"2023-04-10T18:22:34","slug":"ejjellatotavcso","status":"publish","type":"page","link":"https:\/\/www.vadaszboltcsorna.hu\/index.php\/ejjellatotavcso\/","title":{"rendered":"\u00c9jjell\u00e1t\u00f3 t\u00e1vcs\u0151"},"content":{"rendered":"<p>[et_pb_section fb_built=&#8221;1&#8243; _builder_version=&#8221;4.16&#8243; _module_preset=&#8221;default&#8221; use_background_color_gradient=&#8221;on&#8221; background_color_gradient_type=&#8221;circular&#8221; background_color_gradient_stops=&#8221;#ffffff 0%|#b3b3b3 100%&#8221; background_color_gradient_start=&#8221;#ffffff&#8221; background_color_gradient_end=&#8221;#b3b3b3&#8243; global_colors_info=&#8221;{}&#8221;][et_pb_row _builder_version=&#8221;4.16&#8243; _module_preset=&#8221;default&#8221; global_colors_info=&#8221;{}&#8221;][et_pb_column type=&#8221;4_4&#8243; _builder_version=&#8221;4.16&#8243; _module_preset=&#8221;default&#8221; global_colors_info=&#8221;{}&#8221;][et_pb_divider show_divider=&#8221;off&#8221; _builder_version=&#8221;4.16&#8243; _module_preset=&#8221;default&#8221; min_height=&#8221;100px&#8221; global_colors_info=&#8221;{}&#8221;][\/et_pb_divider][et_pb_text admin_label=&#8221;Service Name&#8221; _builder_version=&#8221;4.16&#8243; text_font=&#8221;Montserrat||||||||&#8221; text_font_size=&#8221;15px&#8221; text_line_height=&#8221;1.8em&#8221; header_font=&#8221;Lora|600|||||||&#8221; header_text_align=&#8221;left&#8221; header_font_size=&#8221;45px&#8221; header_3_font=&#8221;Montserrat||||||||&#8221; header_3_line_height=&#8221;1.5em&#8221; custom_margin=&#8221;-10px||||false|false&#8221; custom_padding=&#8221;|20px||20px|false|false&#8221; animation_style=&#8221;fade&#8221; animation_direction=&#8221;right&#8221; header_font_size_tablet=&#8221;&#8221; header_font_size_phone=&#8221;35px&#8221; header_font_size_last_edited=&#8221;on|desktop&#8221; z_index_tablet=&#8221;500&#8243; text_text_shadow_horizontal_length_tablet=&#8221;0px&#8221; text_text_shadow_vertical_length_tablet=&#8221;0px&#8221; text_text_shadow_blur_strength_tablet=&#8221;1px&#8221; link_text_shadow_horizontal_length_tablet=&#8221;0px&#8221; link_text_shadow_vertical_length_tablet=&#8221;0px&#8221; link_text_shadow_blur_strength_tablet=&#8221;1px&#8221; ul_text_shadow_horizontal_length_tablet=&#8221;0px&#8221; ul_text_shadow_vertical_length_tablet=&#8221;0px&#8221; ul_text_shadow_blur_strength_tablet=&#8221;1px&#8221; ol_text_shadow_horizontal_length_tablet=&#8221;0px&#8221; ol_text_shadow_vertical_length_tablet=&#8221;0px&#8221; ol_text_shadow_blur_strength_tablet=&#8221;1px&#8221; quote_text_shadow_horizontal_length_tablet=&#8221;0px&#8221; quote_text_shadow_vertical_length_tablet=&#8221;0px&#8221; quote_text_shadow_blur_strength_tablet=&#8221;1px&#8221; header_text_shadow_style=&#8221;preset1&#8243; header_text_shadow_horizontal_length_tablet=&#8221;0px&#8221; header_text_shadow_vertical_length_tablet=&#8221;0px&#8221; header_text_shadow_blur_strength_tablet=&#8221;1px&#8221; header_2_text_shadow_horizontal_length_tablet=&#8221;0px&#8221; header_2_text_shadow_vertical_length_tablet=&#8221;0px&#8221; header_2_text_shadow_blur_strength_tablet=&#8221;1px&#8221; header_3_text_shadow_horizontal_length_tablet=&#8221;0px&#8221; header_3_text_shadow_vertical_length_tablet=&#8221;0px&#8221; header_3_text_shadow_blur_strength_tablet=&#8221;1px&#8221; header_4_text_shadow_horizontal_length_tablet=&#8221;0px&#8221; header_4_text_shadow_vertical_length_tablet=&#8221;0px&#8221; header_4_text_shadow_blur_strength_tablet=&#8221;1px&#8221; header_5_text_shadow_horizontal_length_tablet=&#8221;0px&#8221; header_5_text_shadow_vertical_length_tablet=&#8221;0px&#8221; header_5_text_shadow_blur_strength_tablet=&#8221;1px&#8221; header_6_text_shadow_horizontal_length_tablet=&#8221;0px&#8221; header_6_text_shadow_vertical_length_tablet=&#8221;0px&#8221; header_6_text_shadow_blur_strength_tablet=&#8221;1px&#8221; box_shadow_horizontal_tablet=&#8221;0px&#8221; box_shadow_vertical_tablet=&#8221;0px&#8221; box_shadow_blur_tablet=&#8221;40px&#8221; box_shadow_spread_tablet=&#8221;0px&#8221; locked=&#8221;off&#8221; global_colors_info=&#8221;{}&#8221;]<\/p>\n<h1 style=\"text-align: left;\">\u00c9jjell\u00e1t\u00f3 t\u00e1vcs\u0151<\/h1>\n<p>[\/et_pb_text][et_pb_divider show_divider=&#8221;off&#8221; _builder_version=&#8221;4.16&#8243; _module_preset=&#8221;default&#8221; min_height=&#8221;100px&#8221; global_colors_info=&#8221;{}&#8221;][\/et_pb_divider][\/et_pb_column][\/et_pb_row][\/et_pb_section][et_pb_section fb_built=&#8221;1&#8243; admin_label=&#8221;Blog Section&#8221; _builder_version=&#8221;4.16&#8243; background_enable_color=&#8221;off&#8221; custom_padding=&#8221;80px||120px||false|false&#8221; global_colors_info=&#8221;{}&#8221;][et_pb_row admin_label=&#8221;Blog Row&#8221; _builder_version=&#8221;4.16&#8243; global_colors_info=&#8221;{}&#8221;][et_pb_column type=&#8221;4_4&#8243; _builder_version=&#8221;4.16&#8243; custom_padding=&#8221;|||&#8221; global_colors_info=&#8221;{}&#8221; custom_padding__hover=&#8221;|||&#8221;][et_pb_shop type=&#8221;product_category&#8221; show_pagination=&#8221;on&#8221; include_categories=&#8221;136&#8243; _builder_version=&#8221;4.16&#8243; global_colors_info=&#8221;{}&#8221;]<br \/>\n[\/et_pb_shop][\/et_pb_column][\/et_pb_row][\/et_pb_section][et_pb_section fb_built=&#8221;1&#8243; _builder_version=&#8221;4.17.4&#8243; _module_preset=&#8221;default&#8221; global_colors_info=&#8221;{}&#8221;][et_pb_row _builder_version=&#8221;4.17.4&#8243; _module_preset=&#8221;default&#8221; global_colors_info=&#8221;{}&#8221;][et_pb_column type=&#8221;4_4&#8243; _builder_version=&#8221;4.17.4&#8243; _module_preset=&#8221;default&#8221; global_colors_info=&#8221;{}&#8221;][et_pb_text _builder_version=&#8221;4.17.4&#8243; _module_preset=&#8221;default&#8221; global_colors_info=&#8221;{}&#8221;]<\/p>\n<h2><strong>\u00c9jjell\u00e1t\u00f3 t\u00e1vcs\u0151\u00a0<\/strong><\/h2>\n<p>Az \u00e9jjell\u00e1t\u00f3 t\u00e1vcs\u00f6vek olyan eszk\u00f6z\u00f6k, amelyek lehet\u0151v\u00e9 teszik a felhaszn\u00e1l\u00f3k sz\u00e1m\u00e1ra, hogy s\u00f6t\u00e9t vagy alacsony f\u00e9nyviszonyok mellett is l\u00e1ssanak. Ezek az eszk\u00f6z\u00f6k \u00e9rz\u00e9keny \u00e9rz\u00e9kel\u0151k\u00f6n alapulnak, amelyek \u00e9szlelik az elektrom\u00e1gneses spektrum infrav\u00f6r\u00f6s tartom\u00e1ny\u00e1t, \u00e9s \u00e1talak\u00edtj\u00e1k azokat l\u00e1that\u00f3 k\u00e9pekk\u00e9.<\/p>\n<p>Az \u00e9jjell\u00e1t\u00f3 t\u00e1vcs\u00f6veknek k\u00e9t f\u0151 t\u00edpusa van: az akt\u00edv \u00e9s a passz\u00edv \u00e9jjell\u00e1t\u00f3 t\u00e1vcs\u00f6vek. Az akt\u00edv \u00e9jjell\u00e1t\u00f3 t\u00e1vcs\u00f6vek rendelkeznek be\u00e9p\u00edtett infrav\u00f6r\u00f6s vil\u00e1g\u00edt\u00e1ssal, amely lehet\u0151v\u00e9 teszi a felhaszn\u00e1l\u00f3k sz\u00e1m\u00e1ra, hogy s\u00f6t\u00e9tben is l\u00e1ssanak. A passz\u00edv \u00e9jjell\u00e1t\u00f3 t\u00e1vcs\u00f6vek azonban nem rendelkeznek ilyen funkci\u00f3val, \u00e9s csak a rendelkez\u00e9sre \u00e1ll\u00f3 f\u00e9nyt haszn\u00e1lj\u00e1k ki.<\/p>\n<p>Az \u00e9jjell\u00e1t\u00f3 t\u00e1vcs\u00f6veknek sz\u00e1mos felhaszn\u00e1l\u00e1si ter\u00fclete van, p\u00e9ld\u00e1ul a vad\u00e1szat, a biztons\u00e1gi szolg\u00e1ltat\u00e1sok, az \u00e1llatmegfigyel\u00e9s, a hadsereg, a t\u00far\u00e1z\u00e1s \u00e9s az exped\u00edci\u00f3k. Az \u00e9jjell\u00e1t\u00f3 t\u00e1vcs\u00f6veknek azonban \u00e1ltal\u00e1ban magas \u00e1ruk van, \u00e9s a min\u0151s\u00e9g \u00e9s a funkci\u00f3k sz\u00e9les sk\u00e1l\u00e1j\u00e1t k\u00edn\u00e1lj\u00e1k a felhaszn\u00e1l\u00f3k sz\u00e1m\u00e1ra.<\/p>\n<p>Fontos megjegyezni, hogy az \u00e9jjell\u00e1t\u00f3 t\u00e1vcs\u00f6veknek is vannak korl\u00e1taik, \u00e9s nem minden k\u00f6r\u00fclm\u00e9nyek k\u00f6z\u00f6tt ny\u00fajtanak t\u00f6k\u00e9letes k\u00e9pet. P\u00e9ld\u00e1ul a nagyobb t\u00e1vols\u00e1gok, a s\u0171r\u0171 erd\u0151 vagy az \u00e9p\u00fcletek \u00e1rny\u00e9kol\u00e1sa a teljes\u00edtm\u00e9ny\u00fcket cs\u00f6kkenthetik.<\/p>\n<p>&nbsp;<\/p>\n<p>Amikor \u00e9jjell\u00e1t\u00f3 t\u00e1vcs\u00f6vet haszn\u00e1lnak vad\u00e1szati c\u00e9lra, fontos figyelembe venni n\u00e9h\u00e1ny dolgot.<\/p>\n<p>El\u0151sz\u00f6r is, a felhaszn\u00e1l\u00f3nak tiszt\u00e1ban kell lennie azzal, hogy az \u00e9jjell\u00e1t\u00f3 t\u00e1vcs\u00f6vek korl\u00e1tozott hat\u00f3t\u00e1vols\u00e1ggal rendelkeznek, \u00e9s a min\u0151s\u00e9ge jelent\u0151sen cs\u00f6kkenhet, ha t\u00fal nagy t\u00e1vols\u00e1gb\u00f3l pr\u00f3b\u00e1lj\u00e1k haszn\u00e1lni. Ez\u00e9rt fontos, hogy a vad\u00e1sz megfelel\u0151en k\u00f6zel menjen a c\u00e9lpontj\u00e1hoz, miel\u0151tt haszn\u00e1lni kezdi az \u00e9jjell\u00e1t\u00f3 t\u00e1vcs\u00f6vet.<\/p>\n<p>M\u00e1sodszor, a vad\u00e1sznak tiszt\u00e1ban kell lennie azzal, hogy az \u00e9jjell\u00e1t\u00f3 t\u00e1vcs\u00f6vek haszn\u00e1lata megn\u00f6veli a vad\u00e1sz biztons\u00e1g\u00e1t az\u00e1ltal, hogy n\u00f6veli a c\u00e9lz\u00e1s pontoss\u00e1g\u00e1t, de ez nem jelenti azt, hogy a vad\u00e1szati etikai szab\u00e1lyokat figyelmen k\u00edv\u00fcl lehet hagyni. Fontos, hogy a vad\u00e1sz tov\u00e1bbra is betartsa a biztons\u00e1gi el\u0151\u00edr\u00e1sokat \u00e9s az etikai vad\u00e1szati szab\u00e1lyokat.<\/p>\n<p>Harmadszor, az \u00e9jjell\u00e1t\u00f3 t\u00e1vcs\u00f6vek haszn\u00e1lata el\u0151tt meg kell gy\u0151z\u0151dni arr\u00f3l, hogy az adott ter\u00fcleten a vad\u00e1szat enged\u00e9lyezett-e, \u00e9s hogy az \u00e9jjell\u00e1t\u00f3 t\u00e1vcs\u0151 haszn\u00e1lata enged\u00e9lyezett-e a vad\u00e1szati c\u00e9lra.<\/p>\n<p>Negyedszer, az \u00e9jjell\u00e1t\u00f3 t\u00e1vcs\u00f6vek \u00e1ltal\u00e1ban magas \u00e1ron v\u00e1s\u00e1rolhat\u00f3k meg, \u00e9s a min\u0151s\u00e9g \u00e9s a funkci\u00f3k sz\u00e9les sk\u00e1l\u00e1j\u00e1t k\u00edn\u00e1lj\u00e1k a felhaszn\u00e1l\u00f3k sz\u00e1m\u00e1ra. Fontos, hogy az \u00e9jjell\u00e1t\u00f3 t\u00e1vcs\u00f6vet olyan term\u00e9kgy\u00e1rt\u00f3t\u00f3l v\u00e1s\u00e1roljuk meg, amely j\u00f3 h\u00edrn\u00e9vnek \u00f6rvend, \u00e9s j\u00f3 min\u0151s\u00e9g\u0171 eszk\u00f6z\u00f6ket k\u00edn\u00e1l.<\/p>\n<p>\u00d6sszess\u00e9g\u00e9ben, az \u00e9jjell\u00e1t\u00f3 t\u00e1vcs\u00f6vek haszn\u00e1lata vad\u00e1szati c\u00e9lokra nagyon hasznos lehet, de fontos, hogy a felhaszn\u00e1l\u00f3k tiszt\u00e1ban legyenek a korl\u00e1taikkal \u00e9s a megfelel\u0151 biztons\u00e1gi \u00e9s etikai szab\u00e1lyokkal.<\/p>\n<p>[\/et_pb_text][et_pb_text _builder_version=&#8221;4.17.4&#8243; _module_preset=&#8221;default&#8221; hover_enabled=&#8221;0&#8243; global_colors_info=&#8221;{}&#8221; sticky_enabled=&#8221;0&#8243;]<\/p>\n<h2><strong>\u00c9jjell\u00e1t\u00f3 t\u00e1vcs\u0151 v\u00e1s\u00e1rl\u00e1s\u00a0el\u0151tt mire figyelj\u00fcnk:<\/strong><\/h2>\n<ol>\n<li>\u00c1r: Az \u00e9jjell\u00e1t\u00f3 t\u00e1vcs\u00f6vek \u00e1rai sz\u00e9les sk\u00e1l\u00e1n mozognak, \u00e9s \u00e1ltal\u00e1ban az \u00e1r meghat\u00e1rozza a min\u0151s\u00e9get \u00e9s a funkci\u00f3kat. Fontos tudni, hogy mennyit sz\u00e1nd\u00e9kozik k\u00f6lteni az eszk\u00f6zre, \u00e9s milyen funkci\u00f3kat keres.<\/li>\n<li>Haszn\u00e1lati c\u00e9l: Az \u00e9jjell\u00e1t\u00f3 t\u00e1vcs\u00f6veknek k\u00fcl\u00f6nb\u00f6z\u0151 t\u00edpusai vannak, amelyek elt\u00e9r\u0151 c\u00e9lra alkalmasak. El\u0151sz\u00f6r is, d\u00f6ntse el, hogy mire szeretn\u00e9 haszn\u00e1lni az \u00e9jjell\u00e1t\u00f3 t\u00e1vcs\u00f6vet, p\u00e9ld\u00e1ul vad\u00e1szatra, \u00e9jszakai t\u00far\u00e1z\u00e1sra, biztons\u00e1gi \u0151rizetre stb.<\/li>\n<li>Hat\u00f3t\u00e1vols\u00e1g: Az \u00e9jjell\u00e1t\u00f3 t\u00e1vcs\u00f6veknek korl\u00e1tozott hat\u00f3t\u00e1vols\u00e1ga van, \u00edgy fontos tudni, hogy mekkora t\u00e1vols\u00e1gb\u00f3l szeretn\u00e9 haszn\u00e1lni az eszk\u00f6zt. A hat\u00f3t\u00e1vols\u00e1g \u00e1ltal\u00e1ban a t\u00e1vcs\u0151 optik\u00e1j\u00e1nak min\u0151s\u00e9g\u00e9t\u0151l \u00e9s a f\u00e9nymegoszt\u00f3 \u00e9rz\u00e9kenys\u00e9g\u00e9t\u0151l f\u00fcgg.<\/li>\n<li>M\u00e9ret \u00e9s s\u00faly: Az \u00e9jjell\u00e1t\u00f3 t\u00e1vcs\u00f6vek m\u00e9rete \u00e9s s\u00falya k\u00fcl\u00f6nb\u00f6z\u0151 lehet. A nagyobb \u00e9s nehezebb t\u00e1vcs\u00f6vek \u00e1ltal\u00e1ban t\u00f6bb funkci\u00f3val rendelkeznek, de nehezebbek is, \u00e9s nehezebb \u0151ket hordozni. Gondoljon arra, hogy milyen m\u00e9ret\u0171 \u00e9s s\u00faly\u00fa t\u00e1vcs\u00f6vet keres.<\/li>\n<li>Optikai min\u0151s\u00e9g: Az \u00e9jjell\u00e1t\u00f3 t\u00e1vcs\u00f6vek optikai min\u0151s\u00e9ge nagyon fontos. A j\u00f3 min\u0151s\u00e9g\u0171 optik\u00e1k tiszt\u00e1bb \u00e9s r\u00e9szletesebb k\u00e9pet ny\u00fajtanak, \u00e9s nagyobb hat\u00f3t\u00e1vols\u00e1got biztos\u00edtanak.<\/li>\n<li>Funkci\u00f3k: Az \u00e9jjell\u00e1t\u00f3 t\u00e1vcs\u00f6vek k\u00fcl\u00f6nb\u00f6z\u0151 funkci\u00f3kkal rendelkezhetnek, p\u00e9ld\u00e1ul digit\u00e1lis zoom, felvev\u0151 funkci\u00f3, GPS, \u00e9s Wi-Fi kapcsolat. Az extra funkci\u00f3k \u00e1ltal\u00e1ban magasabb \u00e1rat jelentenek, \u00edgy fontolja meg, hogy mely funkci\u00f3k sz\u00fcks\u00e9gesek az \u00d6n sz\u00e1m\u00e1ra.<\/li>\n<li>Gy\u00e1rt\u00f3i garancia: Az \u00e9jjell\u00e1t\u00f3 t\u00e1vcs\u00f6vek gy\u00e1rt\u00f3i garanci\u00e1val rendelkeznek, amely biztos\u00edtja, hogy ha az eszk\u00f6z meghib\u00e1sodik, a gy\u00e1rt\u00f3 cser\u00e9li vagy jav\u00edtja. Ellen\u0151rizze, hogy az adott term\u00e9k rendelkezik-e gy\u00e1rt\u00f3i garanci\u00e1val.<\/li>\n<\/ol>\n<p>&nbsp;<\/p>\n<p>digit\u00e1lis \u00e9jjell\u00e1t\u00f3 | \u00e9jjell\u00e1t\u00f3 c\u00e9lt\u00e1vcs\u0151 | \u00e9jjell\u00e1t\u00f3 el\u0151t\u00e9t | term\u00e9kek kateg\u00f3ri\u00e1k | pulsar | akci\u00f3k | rakt\u00e1ron | el\u0151t\u00e9t | Night | part | szem\u00e9lyes | sz\u00e1ll\u00edt\u00e1s | c\u00e9lt\u00e1vcs\u0151 term\u00e9k<\/p>\n<p>[\/et_pb_text][\/et_pb_column][\/et_pb_row][et_pb_row column_structure=&#8221;1_3,1_3,1_3&#8243; _builder_version=&#8221;4.16&#8243; _module_preset=&#8221;default&#8221; global_colors_info=&#8221;{}&#8221;][et_pb_column type=&#8221;1_3&#8243; _builder_version=&#8221;4.16&#8243; _module_preset=&#8221;default&#8221; global_colors_info=&#8221;{}&#8221;][et_pb_button button_url=&#8221;https:\/\/www.vadaszboltcsorna.hu\/index.php\/tavcso-optika\/&#8221; button_text=&#8221;Vissza az optik\u00e1khoz&#8221; button_alignment=&#8221;left&#8221; _builder_version=&#8221;4.16&#8243; custom_button=&#8221;on&#8221; button_text_size=&#8221;14px&#8221; button_text_color=&#8221;#ffffff&#8221; button_bg_color=&#8221;#d29f68&#8243; button_border_width=&#8221;15px&#8221; button_border_color=&#8221;rgba(210,159,104,0)&#8221; button_border_radius=&#8221;100px&#8221; button_letter_spacing=&#8221;3px&#8221; button_font=&#8221;Oswald|||on|||||&#8221; button_use_icon=&#8221;off&#8221; z_index_tablet=&#8221;500&#8243; button_text_shadow_horizontal_length_tablet=&#8221;0px&#8221; button_text_shadow_vertical_length_tablet=&#8221;0px&#8221; button_text_shadow_blur_strength_tablet=&#8221;1px&#8221; box_shadow_style=&#8221;preset2&#8243; box_shadow_horizontal_tablet=&#8221;0px&#8221; box_shadow_vertical_tablet=&#8221;0px&#8221; box_shadow_blur_tablet=&#8221;40px&#8221; box_shadow_spread_tablet=&#8221;0px&#8221; button_border_radius_hover=&#8221;100px&#8221; button_bg_color_hover=&#8221;#cc8d66&#8243; global_colors_info=&#8221;{}&#8221; button_text_size__hover_enabled=&#8221;off&#8221; button_one_text_size__hover_enabled=&#8221;off&#8221; button_two_text_size__hover_enabled=&#8221;off&#8221; button_text_color__hover_enabled=&#8221;off&#8221; button_one_text_color__hover_enabled=&#8221;off&#8221; button_two_text_color__hover_enabled=&#8221;off&#8221; button_border_width__hover_enabled=&#8221;off&#8221; button_one_border_width__hover_enabled=&#8221;off&#8221; button_two_border_width__hover_enabled=&#8221;off&#8221; button_border_color__hover_enabled=&#8221;off&#8221; button_one_border_color__hover_enabled=&#8221;off&#8221; button_two_border_color__hover_enabled=&#8221;off&#8221; button_border_radius__hover_enabled=&#8221;on&#8221; button_border_radius__hover=&#8221;100px&#8221; button_one_border_radius__hover_enabled=&#8221;off&#8221; button_two_border_radius__hover_enabled=&#8221;off&#8221; button_letter_spacing__hover_enabled=&#8221;off&#8221; button_one_letter_spacing__hover_enabled=&#8221;off&#8221; button_two_letter_spacing__hover_enabled=&#8221;off&#8221; button_bg_color__hover_enabled=&#8221;on&#8221; button_bg_color__hover=&#8221;#cc8d66&#8243; button_one_bg_color__hover_enabled=&#8221;off&#8221; button_two_bg_color__hover_enabled=&#8221;off&#8221;][\/et_pb_button][\/et_pb_column][et_pb_column type=&#8221;1_3&#8243; _builder_version=&#8221;4.16&#8243; _module_preset=&#8221;default&#8221; global_colors_info=&#8221;{}&#8221;][\/et_pb_column][et_pb_column type=&#8221;1_3&#8243; _builder_version=&#8221;4.16&#8243; _module_preset=&#8221;default&#8221; global_colors_info=&#8221;{}&#8221;][\/et_pb_column][\/et_pb_row][\/et_pb_section]<\/p>\n","protected":false},"excerpt":{"rendered":"<p>\u00c9jjell\u00e1t\u00f3 t\u00e1vcs\u0151 \u00c9jjell\u00e1t\u00f3 t\u00e1vcs\u0151\u00a0 Az \u00e9jjell\u00e1t\u00f3 t\u00e1vcs\u00f6vek olyan eszk\u00f6z\u00f6k, amelyek lehet\u0151v\u00e9 teszik a felhaszn\u00e1l\u00f3k sz\u00e1m\u00e1ra, hogy s\u00f6t\u00e9t vagy alacsony f\u00e9nyviszonyok mellett is l\u00e1ssanak. Ezek az eszk\u00f6z\u00f6k \u00e9rz\u00e9keny \u00e9rz\u00e9kel\u0151k\u00f6n alapulnak, amelyek \u00e9szlelik az elektrom\u00e1gneses spektrum infrav\u00f6r\u00f6s tartom\u00e1ny\u00e1t, \u00e9s \u00e1talak\u00edtj\u00e1k azokat l\u00e1that\u00f3 k\u00e9pekk\u00e9. Az \u00e9jjell\u00e1t\u00f3 t\u00e1vcs\u00f6veknek k\u00e9t f\u0151 t\u00edpusa van: az akt\u00edv \u00e9s a passz\u00edv \u00e9jjell\u00e1t\u00f3 t\u00e1vcs\u00f6vek. [&hellip;]<\/p>\n","protected":false},"author":2,"featured_media":0,"parent":0,"menu_order":0,"comment_status":"closed","ping_status":"closed","template":"","meta":{"_et_pb_use_builder":"on","_et_pb_old_content":"","_et_gb_content_width":"","om_disable_all_campaigns":false,"footnotes":""},"class_list":["post-1305","page","type-page","status-publish","hentry"],"_links":{"self":[{"href":"https:\/\/www.vadaszboltcsorna.hu\/index.php\/wp-json\/wp\/v2\/pages\/1305","targetHints":{"allow":["GET"]}}],"collection":[{"href":"https:\/\/www.vadaszboltcsorna.hu\/index.php\/wp-json\/wp\/v2\/pages"}],"about":[{"href":"https:\/\/www.vadaszboltcsorna.hu\/index.php\/wp-json\/wp\/v2\/types\/page"}],"author":[{"embeddable":true,"href":"https:\/\/www.vadaszboltcsorna.hu\/index.php\/wp-json\/wp\/v2\/users\/2"}],"replies":[{"embeddable":true,"href":"https:\/\/www.vadaszboltcsorna.hu\/index.php\/wp-json\/wp\/v2\/comments?post=1305"}],"version-history":[{"count":7,"href":"https:\/\/www.vadaszboltcsorna.hu\/index.php\/wp-json\/wp\/v2\/pages\/1305\/revisions"}],"predecessor-version":[{"id":4112,"href":"https:\/\/www.vadaszboltcsorna.hu\/index.php\/wp-json\/wp\/v2\/pages\/1305\/revisions\/4112"}],"wp:attachment":[{"href":"https:\/\/www.vadaszboltcsorna.hu\/index.php\/wp-json\/wp\/v2\/media?parent=1305"}],"curies":[{"name":"wp","href":"https:\/\/api.w.org\/{rel}","templated":true}]}}